{"id":73,"date":"2015-10-07T17:14:55","date_gmt":"2015-10-07T17:14:55","guid":{"rendered":"http:\/\/broker.commercegurus.com\/?page_id=73"},"modified":"2021-12-20T02:19:14","modified_gmt":"2021-12-19T23:19:14","slug":"products","status":"publish","type":"page","link":"https:\/\/www.ozbir-yataganli.com\/en\/products\/","title":{"rendered":"Products"},"content":{"rendered":"<div class=\"container\"><div class=\"vc_row wpb_row vc_row-fluid vc_custom_1447263760697\"><div class=\"wpb_column vc_column_container vc_col-sm-4\"><div class=\"vc_column-inner vc_custom_1451766709466\"><div class=\"wpb_wrapper\">\n\t<div  class=\"wpb_single_image wpb_content_element vc_align_left  wpb_animate_when_almost_visible wpb_bottom-to-top bottom-to-top vc_custom_1639789237660\">\n\t\t\n\t\t<figure class=\"wpb_wrapper vc_figure\">\n\t\t\t<a href=\"#\" target=\"_self\" class=\"vc_single_image-wrapper   vc_box_border_grey\"><img loading=\"lazy\" decoding=\"async\" width=\"640\" height=\"421\" src=\"https:\/\/www.ozbir-yataganli.com\/wp-content\/uploads\/2021\/12\/c\u0327ok-amac\u0327li-120lik-harman-mak-1-1-1-1024x674.png\" class=\"vc_single_image-img attachment-large\" alt=\"\" srcset=\"https:\/\/www.ozbir-yataganli.com\/wp-content\/uploads\/2021\/12\/c\u0327ok-amac\u0327li-120lik-harman-mak-1-1-1-1024x674.png 1024w, https:\/\/www.ozbir-yataganli.com\/wp-content\/uploads\/2021\/12\/c\u0327ok-amac\u0327li-120lik-harman-mak-1-1-1-300x197.png 300w, https:\/\/www.ozbir-yataganli.com\/wp-content\/uploads\/2021\/12\/c\u0327ok-amac\u0327li-120lik-harman-mak-1-1-1-768x505.png 768w, https:\/\/www.ozbir-yataganli.com\/wp-content\/uploads\/2021\/12\/c\u0327ok-amac\u0327li-120lik-harman-mak-1-1-1-380x250.png 380w, https:\/\/www.ozbir-yataganli.com\/wp-content\/uploads\/2021\/12\/c\u0327ok-amac\u0327li-120lik-harman-mak-1-1-1.png 1199w\" sizes=\"auto, (max-width: 640px) 100vw, 640px\" \/><\/a>\n\t\t<\/figure>\n\t<\/div>\n\n\t<div class=\"wpb_text_column wpb_content_element  vc_custom_1639955953104\" >\n\t\t<div class=\"wpb_wrapper\">\n\t\t\t<h4><a href=\"#\"> Multi Purpose\nThresher \/ WITH SELLECTOR<\/a><\/h4>\n<h6>Ozbiryataganli multi purpose threshers work with pulley-belt sytem or directly via cardan shaft applied to pto of the tractor.<\/h6>\n<p><a class=\"more-link\" href=\"https:\/\/www.ozbir-yataganli.com\/en\/products\/cok-amacli-120lik-harman-makinasi-sellektorlu\/\">Go to Product Page<\/a><\/p>\n\n\t\t<\/div>\n\t<\/div>\n<\/div><\/div><\/div><div class=\"wpb_column vc_column_container vc_col-sm-4\"><div class=\"vc_column-inner vc_custom_1451766722338\"><div class=\"wpb_wrapper\">\n\t<div  class=\"wpb_single_image wpb_content_element vc_align_left  wpb_animate_when_almost_visible wpb_bottom-to-top bottom-to-top vc_custom_1639788713922\">\n\t\t\n\t\t<figure class=\"wpb_wrapper vc_figure\">\n\t\t\t<a href=\"#\" target=\"_self\" class=\"vc_single_image-wrapper   vc_box_border_grey\"><img loading=\"lazy\" decoding=\"async\" width=\"640\" height=\"400\" src=\"https:\/\/www.ozbir-yataganli.com\/wp-content\/uploads\/2021\/12\/do\u0308ner-bas\u0327likli-tesfiye-ku\u0308reg\u0306i-1-1024x640.png\" class=\"vc_single_image-img attachment-large\" alt=\"\" srcset=\"https:\/\/www.ozbir-yataganli.com\/wp-content\/uploads\/2021\/12\/do\u0308ner-bas\u0327likli-tesfiye-ku\u0308reg\u0306i-1-1024x640.png 1024w, https:\/\/www.ozbir-yataganli.com\/wp-content\/uploads\/2021\/12\/do\u0308ner-bas\u0327likli-tesfiye-ku\u0308reg\u0306i-1-300x187.png 300w, https:\/\/www.ozbir-yataganli.com\/wp-content\/uploads\/2021\/12\/do\u0308ner-bas\u0327likli-tesfiye-ku\u0308reg\u0306i-1-768x480.png 768w, https:\/\/www.ozbir-yataganli.com\/wp-content\/uploads\/2021\/12\/do\u0308ner-bas\u0327likli-tesfiye-ku\u0308reg\u0306i-1.png 1071w\" sizes=\"auto, (max-width: 640px) 100vw, 640px\" \/><\/a>\n\t\t<\/figure>\n\t<\/div>\n\n\t<div class=\"wpb_text_column wpb_content_element  vc_custom_1639952745754\" >\n\t\t<div class=\"wpb_wrapper\">\n\t\t\t<h4><a href=\"#\"> Rotary Headed Soil Leveler<\/a><\/h4>\n<h6>It's rotary section can be turned around itself in 360\u00b0 it has gear and pin. It is used to level, fill the land and to open channel works. It is produced in 2 mt and 2,20 mt size.<\/h6>\n<p><a class=\"more-link\" href=\"https:\/\/www.ozbir-yataganli.com\/en\/products\/doner-baslikli-tesfiye-kuregi\/\">Go to Product Page<\/a><\/p>\n\n\t\t<\/div>\n\t<\/div>\n<\/div><\/div><\/div><div class=\"wpb_column vc_column_container vc_col-sm-4\"><div class=\"vc_column-inner vc_custom_1451766735451\"><div class=\"wpb_wrapper\">\n\t<div  class=\"wpb_single_image wpb_content_element vc_align_left  wpb_animate_when_almost_visible wpb_bottom-to-top bottom-to-top vc_custom_1639788790545\">\n\t\t\n\t\t<figure class=\"wpb_wrapper vc_figure\">\n\t\t\t<a href=\"#\" target=\"_self\" class=\"vc_single_image-wrapper   vc_box_border_grey\"><img loading=\"lazy\" decoding=\"async\" width=\"640\" height=\"413\" src=\"https:\/\/www.ozbir-yataganli.com\/wp-content\/uploads\/2021\/12\/c\u0327ok-amac\u0327li-120lik-harman-mak-6-1-1024x660.png\" class=\"vc_single_image-img attachment-large\" alt=\"\" srcset=\"https:\/\/www.ozbir-yataganli.com\/wp-content\/uploads\/2021\/12\/c\u0327ok-amac\u0327li-120lik-harman-mak-6-1-1024x660.png 1024w, https:\/\/www.ozbir-yataganli.com\/wp-content\/uploads\/2021\/12\/c\u0327ok-amac\u0327li-120lik-harman-mak-6-1-300x193.png 300w, https:\/\/www.ozbir-yataganli.com\/wp-content\/uploads\/2021\/12\/c\u0327ok-amac\u0327li-120lik-harman-mak-6-1-768x495.png 768w, https:\/\/www.ozbir-yataganli.com\/wp-content\/uploads\/2021\/12\/c\u0327ok-amac\u0327li-120lik-harman-mak-6-1.png 1380w\" sizes=\"auto, (max-width: 640px) 100vw, 640px\" \/><\/a>\n\t\t<\/figure>\n\t<\/div>\n\n\t<div class=\"wpb_text_column wpb_content_element  vc_custom_1639952757601\" >\n\t\t<div class=\"wpb_wrapper\">\n\t\t\t<h4><a href=\"#\">Multi Purpose Thresher \/ WITH HELEZONE<\/a><\/h4>\n<h6>Ozbiryataganli multi purpose threshers work with pulley-belt sytem or directly via cardan shaft applied to pto of the tractor<\/h6>\n<p><a class=\"more-link\" href=\"https:\/\/www.ozbir-yataganli.com\/en\/products\/helezonlu-harman-makinesi\/\">Go to Product Page<\/a><\/p>\n\n\t\t<\/div>\n\t<\/div>\n<\/div><\/div><\/div><\/div><\/div><div class=\"container\"><div class=\"vc_row wpb_row vc_row-fluid vc_custom_1451766655032\"><div class=\"wpb_column vc_column_container vc_col-sm-4\"><div class=\"vc_column-inner vc_custom_1444993797023\"><div class=\"wpb_wrapper\">\n\t<div  class=\"wpb_single_image wpb_content_element vc_align_left  wpb_animate_when_almost_visible wpb_bottom-to-top bottom-to-top vc_custom_1639788860956\">\n\t\t\n\t\t<figure class=\"wpb_wrapper vc_figure\">\n\t\t\t<a href=\"#\" target=\"_self\" class=\"vc_single_image-wrapper   vc_box_border_grey\"><img loading=\"lazy\" decoding=\"async\" width=\"640\" height=\"468\" src=\"https:\/\/www.ozbir-yataganli.com\/wp-content\/uploads\/2021\/12\/hidrolikli-uzatman-kepc\u0327e-1.png\" class=\"vc_single_image-img attachment-large\" alt=\"\" srcset=\"https:\/\/www.ozbir-yataganli.com\/wp-content\/uploads\/2021\/12\/hidrolikli-uzatman-kepc\u0327e-1.png 962w, https:\/\/www.ozbir-yataganli.com\/wp-content\/uploads\/2021\/12\/hidrolikli-uzatman-kepc\u0327e-1-300x219.png 300w, https:\/\/www.ozbir-yataganli.com\/wp-content\/uploads\/2021\/12\/hidrolikli-uzatman-kepc\u0327e-1-768x561.png 768w\" sizes=\"auto, (max-width: 640px) 100vw, 640px\" \/><\/a>\n\t\t<\/figure>\n\t<\/div>\n\n\t<div class=\"wpb_text_column wpb_content_element  vc_custom_1639952766965\" >\n\t\t<div class=\"wpb_wrapper\">\n\t\t\t<h4><a href=\"#\">Hydraulically Extending Dipper<\/a><\/h4>\n<h6>This Heavy Duty Dipper is assembled to tractor hydraulic lever and it is driven by tractor hydraulic pump it has single and double piston, having 4,20 m lifting capacity.<\/h6>\n<p><a class=\"more-link\" href=\"http:\/\/rza-macbook-pro.local\/ozbir\/products\/hidrolikli-uzatmali-kepce\/\">Go to Product Page<\/a><\/p>\n\n\t\t<\/div>\n\t<\/div>\n<\/div><\/div><\/div><div class=\"wpb_column vc_column_container vc_col-sm-4\"><div class=\"vc_column-inner vc_custom_1444993804144\"><div class=\"wpb_wrapper\">\n\t<div  class=\"wpb_single_image wpb_content_element vc_align_left  wpb_animate_when_almost_visible wpb_bottom-to-top bottom-to-top vc_custom_1639788922237\">\n\t\t\n\t\t<figure class=\"wpb_wrapper vc_figure\">\n\t\t\t<a href=\"#\" target=\"_self\" class=\"vc_single_image-wrapper   vc_box_border_grey\"><img loading=\"lazy\" decoding=\"async\" width=\"640\" height=\"401\" src=\"https:\/\/www.ozbir-yataganli.com\/wp-content\/uploads\/2021\/12\/mobil-tip-gezerli-depolu-harman-mak-2-1-1024x641.png\" class=\"vc_single_image-img attachment-large\" alt=\"\" srcset=\"https:\/\/www.ozbir-yataganli.com\/wp-content\/uploads\/2021\/12\/mobil-tip-gezerli-depolu-harman-mak-2-1-1024x641.png 1024w, https:\/\/www.ozbir-yataganli.com\/wp-content\/uploads\/2021\/12\/mobil-tip-gezerli-depolu-harman-mak-2-1-300x188.png 300w, https:\/\/www.ozbir-yataganli.com\/wp-content\/uploads\/2021\/12\/mobil-tip-gezerli-depolu-harman-mak-2-1-768x480.png 768w, https:\/\/www.ozbir-yataganli.com\/wp-content\/uploads\/2021\/12\/mobil-tip-gezerli-depolu-harman-mak-2-1-1536x961.png 1536w, https:\/\/www.ozbir-yataganli.com\/wp-content\/uploads\/2021\/12\/mobil-tip-gezerli-depolu-harman-mak-2-1.png 1573w\" sizes=\"auto, (max-width: 640px) 100vw, 640px\" \/><\/a>\n\t\t<\/figure>\n\t<\/div>\n\n\t<div class=\"wpb_text_column wpb_content_element  vc_custom_1639952789828\" >\n\t\t<div class=\"wpb_wrapper\">\n\t\t\t<h4><a href=\"#\"> Mobile thresher machine with depot<\/a><\/h4>\n<h6>Ozbiryataganli harvester machine with depot is designed for working in the field while moving. This is why this machine is also called \"moving thresher\".<\/h6>\n<p><a class=\"more-link\" href=\"https:\/\/www.ozbir-yataganli.com\/en\/products\/mobil-tip-gezerli-depolu-harman-makinasi\/\">Go to Product Page<\/a><\/p>\n\n\t\t<\/div>\n\t<\/div>\n<\/div><\/div><\/div><div class=\"wpb_column vc_column_container vc_col-sm-4\"><div class=\"vc_column-inner vc_custom_1444993811709\"><div class=\"wpb_wrapper\">\n\t<div  class=\"wpb_single_image wpb_content_element vc_align_left  wpb_animate_when_almost_visible wpb_bottom-to-top bottom-to-top vc_custom_1639788995181\">\n\t\t\n\t\t<figure class=\"wpb_wrapper vc_figure\">\n\t\t\t<a href=\"#\" target=\"_self\" class=\"vc_single_image-wrapper   vc_box_border_grey\"><img loading=\"lazy\" decoding=\"async\" width=\"640\" height=\"222\" src=\"https:\/\/www.ozbir-yataganli.com\/wp-content\/uploads\/2021\/12\/ot-toplama-tirmig\u0306i-1-1024x355.png\" class=\"vc_single_image-img attachment-large\" alt=\"\" srcset=\"https:\/\/www.ozbir-yataganli.com\/wp-content\/uploads\/2021\/12\/ot-toplama-tirmig\u0306i-1-1024x355.png 1024w, https:\/\/www.ozbir-yataganli.com\/wp-content\/uploads\/2021\/12\/ot-toplama-tirmig\u0306i-1-300x104.png 300w, https:\/\/www.ozbir-yataganli.com\/wp-content\/uploads\/2021\/12\/ot-toplama-tirmig\u0306i-1-768x266.png 768w, https:\/\/www.ozbir-yataganli.com\/wp-content\/uploads\/2021\/12\/ot-toplama-tirmig\u0306i-1.png 1515w\" sizes=\"auto, (max-width: 640px) 100vw, 640px\" \/><\/a>\n\t\t<\/figure>\n\t<\/div>\n\n\t<div class=\"wpb_text_column wpb_content_element  vc_custom_1639952804883\" >\n\t\t<div class=\"wpb_wrapper\">\n\t\t\t<h4><a href=\"#\">Finger Wheel Rake<\/a><\/h4>\n<p><a class=\"more-link\" href=\"https:\/\/www.ozbir-yataganli.com\/en\/products\/ot-toplama-tirmigi-2\/\">Go to Product Page<\/a><\/p>\n\n\t\t<\/div>\n\t<\/div>\n<\/div><\/div><\/div><\/div><\/div><div class=\"container\"><div class=\"vc_row wpb_row vc_row-fluid vc_custom_1451766655032\"><div class=\"wpb_column vc_column_container vc_col-sm-4\"><div class=\"vc_column-inner vc_custom_1444993811709\"><div class=\"wpb_wrapper\">\n\t<div  class=\"wpb_single_image wpb_content_element vc_align_left  wpb_animate_when_almost_visible wpb_bottom-to-top bottom-to-top vc_custom_1639789095501\">\n\t\t\n\t\t<figure class=\"wpb_wrapper vc_figure\">\n\t\t\t<a href=\"#\" target=\"_self\" class=\"vc_single_image-wrapper   vc_box_border_grey\"><img loading=\"lazy\" decoding=\"async\" width=\"640\" height=\"344\" src=\"https:\/\/www.ozbir-yataganli.com\/wp-content\/uploads\/2021\/12\/ot-toplama-tirmig\u0306i-2-1-1024x550.png\" class=\"vc_single_image-img attachment-large\" alt=\"\" srcset=\"https:\/\/www.ozbir-yataganli.com\/wp-content\/uploads\/2021\/12\/ot-toplama-tirmig\u0306i-2-1-1024x550.png 1024w, https:\/\/www.ozbir-yataganli.com\/wp-content\/uploads\/2021\/12\/ot-toplama-tirmig\u0306i-2-1-300x161.png 300w, https:\/\/www.ozbir-yataganli.com\/wp-content\/uploads\/2021\/12\/ot-toplama-tirmig\u0306i-2-1-768x412.png 768w, https:\/\/www.ozbir-yataganli.com\/wp-content\/uploads\/2021\/12\/ot-toplama-tirmig\u0306i-2-1.png 1336w\" sizes=\"auto, (max-width: 640px) 100vw, 640px\" \/><\/a>\n\t\t<\/figure>\n\t<\/div>\n\n\t<div class=\"wpb_text_column wpb_content_element  vc_custom_1639952824329\" >\n\t\t<div class=\"wpb_wrapper\">\n\t\t\t<h4><a href=\"#\">Finger Wheel Rake<\/a><\/h4>\n<p><a class=\"more-link\" href=\"https:\/\/www.ozbir-yataganli.com\/en\/products\/ot-toplama-tirmigi\/\">Go to Product Page<\/a><\/p>\n\n\t\t<\/div>\n\t<\/div>\n<\/div><\/div><\/div><div class=\"wpb_column vc_column_container vc_col-sm-4\"><div class=\"vc_column-inner vc_custom_1444993797023\"><div class=\"wpb_wrapper\">\n\t<div  class=\"wpb_single_image wpb_content_element vc_align_left  wpb_animate_when_almost_visible wpb_bottom-to-top bottom-to-top vc_custom_1639789109505\">\n\t\t\n\t\t<figure class=\"wpb_wrapper vc_figure\">\n\t\t\t<a href=\"#\" target=\"_self\" class=\"vc_single_image-wrapper   vc_box_border_grey\"><img loading=\"lazy\" decoding=\"async\" width=\"640\" height=\"665\" src=\"https:\/\/www.ozbir-yataganli.com\/wp-content\/uploads\/2021\/12\/sap-toplama-saman-yapma-mak1-986x1024.png\" class=\"vc_single_image-img attachment-large\" alt=\"\" srcset=\"https:\/\/www.ozbir-yataganli.com\/wp-content\/uploads\/2021\/12\/sap-toplama-saman-yapma-mak1-986x1024.png 986w, https:\/\/www.ozbir-yataganli.com\/wp-content\/uploads\/2021\/12\/sap-toplama-saman-yapma-mak1-289x300.png 289w, https:\/\/www.ozbir-yataganli.com\/wp-content\/uploads\/2021\/12\/sap-toplama-saman-yapma-mak1-768x797.png 768w, https:\/\/www.ozbir-yataganli.com\/wp-content\/uploads\/2021\/12\/sap-toplama-saman-yapma-mak1.png 1256w\" sizes=\"auto, (max-width: 640px) 100vw, 640px\" \/><\/a>\n\t\t<\/figure>\n\t<\/div>\n\n\t<div class=\"wpb_text_column wpb_content_element  vc_custom_1639952835939\" >\n\t\t<div class=\"wpb_wrapper\">\n\t\t\t<h4><a href=\"#\"> Stem Collecting and Straw making machine<\/a><\/h4>\n<h6>It collects the stems, chaffs and hays which are left in the field by harvester and makes straw. It stores the straw into the trailer which is connected behind the machine.<\/h6>\n<p><a class=\"more-link\" href=\"https:\/\/www.ozbir-yataganli.com\/en\/products\/sap-toplamali-saman-yapma-makinasi\/\">Go to Product Page<\/a><\/p>\n\n\t\t<\/div>\n\t<\/div>\n<\/div><\/div><\/div><div class=\"wpb_column vc_column_container vc_col-sm-4\"><div class=\"vc_column-inner vc_custom_1444993804144\"><div class=\"wpb_wrapper\">\n\t<div  class=\"wpb_single_image wpb_content_element vc_align_left  wpb_animate_when_almost_visible wpb_bottom-to-top bottom-to-top vc_custom_1639789161219\">\n\t\t\n\t\t<figure class=\"wpb_wrapper vc_figure\">\n\t\t\t<a href=\"#\" target=\"_self\" class=\"vc_single_image-wrapper   vc_box_border_grey\"><img loading=\"lazy\" decoding=\"async\" width=\"640\" height=\"463\" src=\"https:\/\/www.ozbir-yataganli.com\/wp-content\/uploads\/2021\/12\/tek-diskli-gu\u0308bre-serpme-3-1.png\" class=\"vc_single_image-img attachment-large\" alt=\"\" srcset=\"https:\/\/www.ozbir-yataganli.com\/wp-content\/uploads\/2021\/12\/tek-diskli-gu\u0308bre-serpme-3-1.png 647w, https:\/\/www.ozbir-yataganli.com\/wp-content\/uploads\/2021\/12\/tek-diskli-gu\u0308bre-serpme-3-1-300x217.png 300w\" sizes=\"auto, (max-width: 640px) 100vw, 640px\" \/><\/a>\n\t\t<\/figure>\n\t<\/div>\n\n\t<div class=\"wpb_text_column wpb_content_element  vc_custom_1639952853129\" >\n\t\t<div class=\"wpb_wrapper\">\n\t\t\t<h4><a href=\"#\"> Single Discs Fertilizer<\/a><\/h4>\n<h6>Centrifugal fertilizer is assembled to the tractor through three points linkage system. The machine is driven by PTO.<\/h6>\n<p><a class=\"more-link\" href=\"https:\/\/www.ozbir-yataganli.com\/en\/products\/tek-diskli-gubre-serpme-makinasi\/\">Go to Product Page<\/a><\/p>\n\n\t\t<\/div>\n\t<\/div>\n<\/div><\/div><\/div><\/div><\/div>","protected":false},"excerpt":{"rendered":"\u00c7ok Ama\u00e7l\u0131 120'lik Harman Makinas\u0131 \/ SELLEKT\u00d6RL\u00dc \u00d6ZB\u0130R harman makinalar\u0131 kay\u0131\u015f kasnak veya trakt\u00f6r kuyruk milinden \u015faft vas\u0131tas\u0131yla her t\u00fcrl\u00fc tah\u0131l ve bakliyat\u0131 y\u00fcksek verimle i\u015fler. \u00dcr\u00fcn Sayfas\u0131na Git D\u00f6ner Ba\u015fl\u0131kl\u0131 Tesfiye K\u00fcre\u011fi D\u00f6neri kendi ekseninde 360\u00b0 d\u00f6nebilen di\u015fli ve pimlidir. Arazi tesfiye, dolgu ve kanal a\u00e7ma i\u015flerinde kullan\u0131l\u0131r. \u00dcr\u00fcn Sayfas\u0131na Git Helezonlu Harman Makinesi [...]","protected":false},"author":1,"featured_media":70838,"parent":0,"menu_order":0,"comment_status":"closed","ping_status":"closed","template":"page-full-width.php","meta":{"footnotes":""},"class_list":["post-73","page","type-page","status-publish","has-post-thumbnail","hentry"],"acf":[],"yoast_head":"<!-- This site is optimized with the Yoast SEO plugin v21.6 - https:\/\/yoast.com\/wordpress\/plugins\/seo\/ -->\n<title>\u00dcr\u00fcnler - \u00d6zbir Yata\u011fanl\u0131<\/title>\n<meta name=\"robots\" content=\"index, follow, max-snippet:-1, max-image-preview:large, max-video-preview:-1\" \/>\n<link rel=\"canonical\" href=\"https:\/\/www.ozbir-yataganli.com\/en\/products\/\" \/>\n<meta property=\"og:locale\" content=\"en_US\" \/>\n<meta property=\"og:type\" content=\"article\" \/>\n<meta property=\"og:title\" content=\"\u00dcr\u00fcnler - \u00d6zbir Yata\u011fanl\u0131\" \/>\n<meta property=\"og:url\" content=\"https:\/\/www.ozbir-yataganli.com\/en\/products\/\" \/>\n<meta property=\"og:site_name\" content=\"\u00d6zbir Yata\u011fanl\u0131\" \/>\n<meta property=\"article:modified_time\" content=\"2021-12-19T23:19:14+00:00\" \/>\n<meta name=\"twitter:card\" content=\"summary_large_image\" \/>\n<meta name=\"twitter:label1\" content=\"Est. reading time\" \/>\n\t<meta name=\"twitter:data1\" content=\"3 minutes\" \/>\n<script type=\"application\/ld+json\" class=\"yoast-schema-graph\">{\"@context\":\"https:\/\/schema.org\",\"@graph\":[{\"@type\":\"WebPage\",\"@id\":\"https:\/\/www.ozbir-yataganli.com\/products\/\",\"url\":\"https:\/\/www.ozbir-yataganli.com\/products\/\",\"name\":\"\u00dcr\u00fcnler - \u00d6zbir Yata\u011fanl\u0131\",\"isPartOf\":{\"@id\":\"https:\/\/www.ozbir-yataganli.com\/#website\"},\"datePublished\":\"2015-10-07T17:14:55+00:00\",\"dateModified\":\"2021-12-19T23:19:14+00:00\",\"breadcrumb\":{\"@id\":\"https:\/\/www.ozbir-yataganli.com\/products\/#breadcrumb\"},\"inLanguage\":\"en-US\",\"potentialAction\":[{\"@type\":\"ReadAction\",\"target\":[\"https:\/\/www.ozbir-yataganli.com\/products\/\"]}]},{\"@type\":\"BreadcrumbList\",\"@id\":\"https:\/\/www.ozbir-yataganli.com\/products\/#breadcrumb\",\"itemListElement\":[{\"@type\":\"ListItem\",\"position\":1,\"name\":\"Anasayfa\",\"item\":\"https:\/\/www.ozbir-yataganli.com\/\"},{\"@type\":\"ListItem\",\"position\":2,\"name\":\"\u00dcr\u00fcnler\"}]},{\"@type\":\"WebSite\",\"@id\":\"https:\/\/www.ozbir-yataganli.com\/#website\",\"url\":\"https:\/\/www.ozbir-yataganli.com\/\",\"name\":\"\u00d6zbir Yata\u011fanl\u0131\",\"description\":\"\",\"potentialAction\":[{\"@type\":\"SearchAction\",\"target\":{\"@type\":\"EntryPoint\",\"urlTemplate\":\"https:\/\/www.ozbir-yataganli.com\/?s={search_term_string}\"},\"query-input\":\"required name=search_term_string\"}],\"inLanguage\":\"en-US\"}]}<\/script>\n<!-- \/ Yoast SEO plugin. -->","yoast_head_json":{"title":"\u00dcr\u00fcnler - \u00d6zbir Yata\u011fanl\u0131","robots":{"index":"index","follow":"follow","max-snippet":"max-snippet:-1","max-image-preview":"max-image-preview:large","max-video-preview":"max-video-preview:-1"},"canonical":"https:\/\/www.ozbir-yataganli.com\/en\/products\/","og_locale":"en_US","og_type":"article","og_title":"\u00dcr\u00fcnler - \u00d6zbir Yata\u011fanl\u0131","og_url":"https:\/\/www.ozbir-yataganli.com\/en\/products\/","og_site_name":"\u00d6zbir Yata\u011fanl\u0131","article_modified_time":"2021-12-19T23:19:14+00:00","twitter_card":"summary_large_image","twitter_misc":{"Est. reading time":"3 minutes"},"schema":{"@context":"https:\/\/schema.org","@graph":[{"@type":"WebPage","@id":"https:\/\/www.ozbir-yataganli.com\/products\/","url":"https:\/\/www.ozbir-yataganli.com\/products\/","name":"\u00dcr\u00fcnler - \u00d6zbir Yata\u011fanl\u0131","isPartOf":{"@id":"https:\/\/www.ozbir-yataganli.com\/#website"},"datePublished":"2015-10-07T17:14:55+00:00","dateModified":"2021-12-19T23:19:14+00:00","breadcrumb":{"@id":"https:\/\/www.ozbir-yataganli.com\/products\/#breadcrumb"},"inLanguage":"en-US","potentialAction":[{"@type":"ReadAction","target":["https:\/\/www.ozbir-yataganli.com\/products\/"]}]},{"@type":"BreadcrumbList","@id":"https:\/\/www.ozbir-yataganli.com\/products\/#breadcrumb","itemListElement":[{"@type":"ListItem","position":1,"name":"Anasayfa","item":"https:\/\/www.ozbir-yataganli.com\/"},{"@type":"ListItem","position":2,"name":"\u00dcr\u00fcnler"}]},{"@type":"WebSite","@id":"https:\/\/www.ozbir-yataganli.com\/#website","url":"https:\/\/www.ozbir-yataganli.com\/","name":"\u00d6zbir Yata\u011fanl\u0131","description":"","potentialAction":[{"@type":"SearchAction","target":{"@type":"EntryPoint","urlTemplate":"https:\/\/www.ozbir-yataganli.com\/?s={search_term_string}"},"query-input":"required name=search_term_string"}],"inLanguage":"en-US"}]}},"_links":{"self":[{"href":"https:\/\/www.ozbir-yataganli.com\/en\/wp-json\/wp\/v2\/pages\/73","targetHints":{"allow":["GET"]}}],"collection":[{"href":"https:\/\/www.ozbir-yataganli.com\/en\/wp-json\/wp\/v2\/pages"}],"about":[{"href":"https:\/\/www.ozbir-yataganli.com\/en\/wp-json\/wp\/v2\/types\/page"}],"author":[{"embeddable":true,"href":"https:\/\/www.ozbir-yataganli.com\/en\/wp-json\/wp\/v2\/users\/1"}],"replies":[{"embeddable":true,"href":"https:\/\/www.ozbir-yataganli.com\/en\/wp-json\/wp\/v2\/comments?post=73"}],"version-history":[{"count":11,"href":"https:\/\/www.ozbir-yataganli.com\/en\/wp-json\/wp\/v2\/pages\/73\/revisions"}],"predecessor-version":[{"id":71073,"href":"https:\/\/www.ozbir-yataganli.com\/en\/wp-json\/wp\/v2\/pages\/73\/revisions\/71073"}],"wp:featuredmedia":[{"embeddable":true,"href":"https:\/\/www.ozbir-yataganli.com\/en\/wp-json\/"}],"wp:attachment":[{"href":"https:\/\/www.ozbir-yataganli.com\/en\/wp-json\/wp\/v2\/media?parent=73"}],"curies":[{"name":"wp","href":"https:\/\/api.w.org\/{rel}","templated":true}]}}