{"id":70999,"date":"2021-12-18T03:45:38","date_gmt":"2021-12-18T00:45:38","guid":{"rendered":"http:\/\/rza-macbook-pro.local\/ozbir\/?page_id=70999"},"modified":"2021-12-18T03:45:38","modified_gmt":"2021-12-18T00:45:38","slug":"tek-diskli-gubre-serpme-makinasi","status":"publish","type":"page","link":"https:\/\/www.ozbir-yataganli.com\/en\/products\/tek-diskli-gubre-serpme-makinasi\/","title":{"rendered":"Single Discs Fertilizer"},"content":{"rendered":"<div class=\"container\"><div class=\"vc_row wpb_row vc_row-fluid vc_custom_1449576470084\"><div class=\"wpb_column vc_column_container vc_col-sm-12\"><div class=\"vc_column-inner\"><div class=\"wpb_wrapper\">\n\t<div class=\"wpb_text_column wpb_content_element\" >\n\t\t<div class=\"wpb_wrapper\">\n\t\t\t<div class=\"page\" title=\"Page 2\">\n<div class=\"layoutArea\">\n<div class=\"column\">\n<div class=\"page\" title=\"Page 2\">\n<div class=\"layoutArea\">\n<div class=\"column\">\n<div class=\"page\" title=\"Page 8\">\n<div class=\"layoutArea\">\n<div class=\"column\">\n<p>Centrifugal fertilizer is assembled to the tractor through three points linkage system. The machine is driven by PTO. Fertilizing quantity setting can be performed with hydraulic setting system at the tractor. Through specially designed exits fertilizing process is performed equally to both sides. Tank capacity can be produced as 400-600- 800 liter and it can be also produced as double and single disc fertilizer.<\/p>\n<\/div>\n<\/div>\n<\/div>\n<\/div>\n<\/div>\n<\/div>\n<\/div>\n<\/div>\n<\/div>\n\n\t\t<\/div>\n\t<\/div>\n\n\t<div  class=\"wpb_single_image wpb_content_element vc_align_left\">\n\t\t\n\t\t<figure class=\"wpb_wrapper vc_figure\">\n\t\t\t<div class=\"vc_single_image-wrapper   vc_box_border_grey\"><img loading=\"lazy\" decoding=\"async\" width=\"640\" height=\"463\" src=\"https:\/\/www.ozbir-yataganli.com\/wp-content\/uploads\/2021\/12\/tek-diskli-gu\u0308bre-serpme-3-1.png\" class=\"vc_single_image-img attachment-large\" alt=\"\" srcset=\"https:\/\/www.ozbir-yataganli.com\/wp-content\/uploads\/2021\/12\/tek-diskli-gu\u0308bre-serpme-3-1.png 647w, https:\/\/www.ozbir-yataganli.com\/wp-content\/uploads\/2021\/12\/tek-diskli-gu\u0308bre-serpme-3-1-300x217.png 300w\" sizes=\"auto, (max-width: 640px) 100vw, 640px\" \/><\/div>\n\t\t<\/figure>\n\t<\/div>\n\n\t<div  class=\"wpb_single_image wpb_content_element vc_align_left\">\n\t\t\n\t\t<figure class=\"wpb_wrapper vc_figure\">\n\t\t\t<div class=\"vc_single_image-wrapper   vc_box_border_grey\"><img loading=\"lazy\" decoding=\"async\" width=\"640\" height=\"472\" src=\"https:\/\/www.ozbir-yataganli.com\/wp-content\/uploads\/2021\/12\/tek-diskli-gu\u0308bre-serpme-2-1.jpg\" class=\"vc_single_image-img attachment-large\" alt=\"\" srcset=\"https:\/\/www.ozbir-yataganli.com\/wp-content\/uploads\/2021\/12\/tek-diskli-gu\u0308bre-serpme-2-1.jpg 921w, https:\/\/www.ozbir-yataganli.com\/wp-content\/uploads\/2021\/12\/tek-diskli-gu\u0308bre-serpme-2-1-300x221.jpg 300w, https:\/\/www.ozbir-yataganli.com\/wp-content\/uploads\/2021\/12\/tek-diskli-gu\u0308bre-serpme-2-1-768x566.jpg 768w\" sizes=\"auto, (max-width: 640px) 100vw, 640px\" \/><\/div>\n\t\t<\/figure>\n\t<\/div>\n\n\t<div  class=\"wpb_single_image wpb_content_element vc_align_left\">\n\t\t\n\t\t<figure class=\"wpb_wrapper vc_figure\">\n\t\t\t<div class=\"vc_single_image-wrapper   vc_box_border_grey\"><img loading=\"lazy\" decoding=\"async\" width=\"640\" height=\"508\" src=\"https:\/\/www.ozbir-yataganli.com\/wp-content\/uploads\/2021\/12\/tek-diskli-gu\u0308bre-serpme-1-1.png\" class=\"vc_single_image-img attachment-large\" alt=\"\" srcset=\"https:\/\/www.ozbir-yataganli.com\/wp-content\/uploads\/2021\/12\/tek-diskli-gu\u0308bre-serpme-1-1.png 907w, https:\/\/www.ozbir-yataganli.com\/wp-content\/uploads\/2021\/12\/tek-diskli-gu\u0308bre-serpme-1-1-300x238.png 300w, https:\/\/www.ozbir-yataganli.com\/wp-content\/uploads\/2021\/12\/tek-diskli-gu\u0308bre-serpme-1-1-768x610.png 768w\" sizes=\"auto, (max-width: 640px) 100vw, 640px\" \/><\/div>\n\t\t<\/figure>\n\t<\/div>\n<\/div><\/div><\/div><\/div><\/div><div class=\"container\"><div class=\"vc_row wpb_row vc_row-fluid vc_custom_1444503683289\"><div class=\"wpb_column vc_column_container vc_col-sm-12\"><div class=\"vc_column-inner\"><div class=\"wpb_wrapper\">\n<div class=\"separator  normal\" style=\"background-color:#e2e2e2;height:1px;\">\n<\/div>\n<\/div><\/div><\/div><\/div><\/div><div class=\"container\"><div class=\"vc_row wpb_row vc_row-fluid\"><div class=\"wpb_column vc_column_container vc_col-sm-12\"><div class=\"vc_column-inner\"><div class=\"wpb_wrapper\">\n\t<div class=\"wpb_text_column wpb_content_element\" >\n\t\t<div class=\"wpb_wrapper\">\n\t\t\t<h2>Technical Features<\/h2>\n<div class=\"tg-wrap\">\n<table class=\"tg\">\n<tbody>\n<tr>\n<td class=\"tg-fymr\"><strong>Work Width<\/strong><\/td>\n<td class=\"tg-0pky\">20-22<\/td>\n<\/tr>\n<tr>\n<td class=\"tg-fymr\"><strong>Weight<\/strong><\/td>\n<td class=\"tg-0pky\">210 kg.<\/td>\n<\/tr>\n<tr>\n<td class=\"tg-fymr\"><strong>Width<\/strong><\/td>\n<td class=\"tg-0pky\">1400 mm<\/td>\n<\/tr>\n<tr>\n<td class=\"tg-fymr\"><strong>Height<\/strong><\/td>\n<td class=\"tg-0pky\">1250 mm<\/td>\n<\/tr>\n<tr>\n<td class=\"tg-fymr\"><strong>Spreader Flap (piece)<\/strong><\/td>\n<td class=\"tg-0pky\">2&#215;3 (adet)<\/td>\n<\/tr>\n<tr>\n<td class=\"tg-fymr\"><strong>Tank Capacity<\/strong><\/td>\n<td class=\"tg-0pky\">800 lt.<\/td>\n<\/tr>\n<\/tbody>\n<\/table>\n<\/div>\n\n\t\t<\/div>\n\t<\/div>\n<\/div><\/div><\/div><\/div><\/div>","protected":false},"excerpt":{"rendered":"Santrifu\u0308jlu\u0308 gu\u0308bre dag\u0306\u0131tma makinesi trakto\u0308r u\u0308c\u0327 nokta ask\u0131 sistemi ile trakto\u0308re bag\u0306lan\u0131r. Makine s\u0327aft vas\u0131tas\u0131 ile trakto\u0308r kuyruk milinden hareketle c\u0327al\u0131s\u0327\u0131r. Hidrolik ayar sistemi vas\u0131tas\u0131 ile isteg\u0306e go\u0308re gu\u0308breleme miktar ayar\u0131 trakto\u0308rden yap\u0131labilir. O\u0308zel dizayn edilmis\u0327 c\u0327\u0131k\u0131s\u0327 ag\u0306\u0131zlar\u0131 sayesinde her iki tarafa es\u0327it miktarda gu\u0308breleme sag\u0306lan\u0131r. Depo kapasitesi 400-600-800 lt ve c\u0327ift diskli, tek diskli [...]","protected":false},"author":1,"featured_media":70778,"parent":73,"menu_order":1,"comment_status":"closed","ping_status":"closed","template":"","meta":{"footnotes":""},"class_list":["post-70999","page","type-page","status-publish","has-post-thumbnail","hentry"],"acf":[],"yoast_head":"<!-- This site is optimized with the Yoast SEO plugin v21.6 - https:\/\/yoast.com\/wordpress\/plugins\/seo\/ -->\n<title>Tek Diskli G\u00fcbre Serpme Makinas\u0131 - \u00d6zbir Yata\u011fanl\u0131<\/title>\n<meta name=\"description\" content=\"Agricultural science is a broad multidisciplinary field of biology that encompasses the parts of exact, natural, economic and social sciences that are used in the practice and understanding of agriculture.\" \/>\n<meta name=\"robots\" content=\"index, follow, max-snippet:-1, max-image-preview:large, max-video-preview:-1\" \/>\n<link rel=\"canonical\" href=\"https:\/\/www.ozbir-yataganli.com\/en\/products\/tek-diskli-gubre-serpme-makinasi\/\" \/>\n<meta property=\"og:locale\" content=\"en_US\" \/>\n<meta property=\"og:type\" content=\"article\" \/>\n<meta property=\"og:title\" content=\"Tek Diskli G\u00fcbre Serpme Makinas\u0131 - \u00d6zbir Yata\u011fanl\u0131\" \/>\n<meta property=\"og:description\" content=\"Agricultural science is a broad multidisciplinary field of biology that encompasses the parts of exact, natural, economic and social sciences that are used in the practice and understanding of agriculture.\" \/>\n<meta property=\"og:url\" content=\"https:\/\/www.ozbir-yataganli.com\/en\/products\/tek-diskli-gubre-serpme-makinasi\/\" \/>\n<meta property=\"og:site_name\" content=\"\u00d6zbir Yata\u011fanl\u0131\" \/>\n<meta name=\"twitter:card\" content=\"summary_large_image\" \/>\n<meta name=\"twitter:label1\" content=\"Est. reading time\" \/>\n\t<meta name=\"twitter:data1\" content=\"1 minute\" \/>\n<script type=\"application\/ld+json\" class=\"yoast-schema-graph\">{\"@context\":\"https:\/\/schema.org\",\"@graph\":[{\"@type\":\"WebPage\",\"@id\":\"https:\/\/www.ozbir-yataganli.com\/products\/tek-diskli-gubre-serpme-makinasi\/\",\"url\":\"https:\/\/www.ozbir-yataganli.com\/products\/tek-diskli-gubre-serpme-makinasi\/\",\"name\":\"Tek Diskli G\u00fcbre Serpme Makinas\u0131 - \u00d6zbir Yata\u011fanl\u0131\",\"isPartOf\":{\"@id\":\"https:\/\/www.ozbir-yataganli.com\/#website\"},\"datePublished\":\"2021-12-18T00:45:38+00:00\",\"dateModified\":\"2021-12-18T00:45:38+00:00\",\"description\":\"Agricultural science is a broad multidisciplinary field of biology that encompasses the parts of exact, natural, economic and social sciences that are used in the practice and understanding of agriculture.\",\"breadcrumb\":{\"@id\":\"https:\/\/www.ozbir-yataganli.com\/products\/tek-diskli-gubre-serpme-makinasi\/#breadcrumb\"},\"inLanguage\":\"en-US\",\"potentialAction\":[{\"@type\":\"ReadAction\",\"target\":[\"https:\/\/www.ozbir-yataganli.com\/products\/tek-diskli-gubre-serpme-makinasi\/\"]}]},{\"@type\":\"BreadcrumbList\",\"@id\":\"https:\/\/www.ozbir-yataganli.com\/products\/tek-diskli-gubre-serpme-makinasi\/#breadcrumb\",\"itemListElement\":[{\"@type\":\"ListItem\",\"position\":1,\"name\":\"Anasayfa\",\"item\":\"https:\/\/www.ozbir-yataganli.com\/\"},{\"@type\":\"ListItem\",\"position\":2,\"name\":\"\u00dcr\u00fcnler\",\"item\":\"https:\/\/www.ozbir-yataganli.com\/products\/\"},{\"@type\":\"ListItem\",\"position\":3,\"name\":\"Tek Diskli G\u00fcbre Serpme Makinas\u0131\"}]},{\"@type\":\"WebSite\",\"@id\":\"https:\/\/www.ozbir-yataganli.com\/#website\",\"url\":\"https:\/\/www.ozbir-yataganli.com\/\",\"name\":\"\u00d6zbir Yata\u011fanl\u0131\",\"description\":\"\",\"potentialAction\":[{\"@type\":\"SearchAction\",\"target\":{\"@type\":\"EntryPoint\",\"urlTemplate\":\"https:\/\/www.ozbir-yataganli.com\/?s={search_term_string}\"},\"query-input\":\"required name=search_term_string\"}],\"inLanguage\":\"en-US\"}]}<\/script>\n<!-- \/ Yoast SEO plugin. -->","yoast_head_json":{"title":"Tek Diskli G\u00fcbre Serpme Makinas\u0131 - \u00d6zbir Yata\u011fanl\u0131","description":"Agricultural science is a broad multidisciplinary field of biology that encompasses the parts of exact, natural, economic and social sciences that are used in the practice and understanding of agriculture.","robots":{"index":"index","follow":"follow","max-snippet":"max-snippet:-1","max-image-preview":"max-image-preview:large","max-video-preview":"max-video-preview:-1"},"canonical":"https:\/\/www.ozbir-yataganli.com\/en\/products\/tek-diskli-gubre-serpme-makinasi\/","og_locale":"en_US","og_type":"article","og_title":"Tek Diskli G\u00fcbre Serpme Makinas\u0131 - \u00d6zbir Yata\u011fanl\u0131","og_description":"Agricultural science is a broad multidisciplinary field of biology that encompasses the parts of exact, natural, economic and social sciences that are used in the practice and understanding of agriculture.","og_url":"https:\/\/www.ozbir-yataganli.com\/en\/products\/tek-diskli-gubre-serpme-makinasi\/","og_site_name":"\u00d6zbir Yata\u011fanl\u0131","twitter_card":"summary_large_image","twitter_misc":{"Est. reading time":"1 minute"},"schema":{"@context":"https:\/\/schema.org","@graph":[{"@type":"WebPage","@id":"https:\/\/www.ozbir-yataganli.com\/products\/tek-diskli-gubre-serpme-makinasi\/","url":"https:\/\/www.ozbir-yataganli.com\/products\/tek-diskli-gubre-serpme-makinasi\/","name":"Tek Diskli G\u00fcbre Serpme Makinas\u0131 - \u00d6zbir Yata\u011fanl\u0131","isPartOf":{"@id":"https:\/\/www.ozbir-yataganli.com\/#website"},"datePublished":"2021-12-18T00:45:38+00:00","dateModified":"2021-12-18T00:45:38+00:00","description":"Agricultural science is a broad multidisciplinary field of biology that encompasses the parts of exact, natural, economic and social sciences that are used in the practice and understanding of agriculture.","breadcrumb":{"@id":"https:\/\/www.ozbir-yataganli.com\/products\/tek-diskli-gubre-serpme-makinasi\/#breadcrumb"},"inLanguage":"en-US","potentialAction":[{"@type":"ReadAction","target":["https:\/\/www.ozbir-yataganli.com\/products\/tek-diskli-gubre-serpme-makinasi\/"]}]},{"@type":"BreadcrumbList","@id":"https:\/\/www.ozbir-yataganli.com\/products\/tek-diskli-gubre-serpme-makinasi\/#breadcrumb","itemListElement":[{"@type":"ListItem","position":1,"name":"Anasayfa","item":"https:\/\/www.ozbir-yataganli.com\/"},{"@type":"ListItem","position":2,"name":"\u00dcr\u00fcnler","item":"https:\/\/www.ozbir-yataganli.com\/products\/"},{"@type":"ListItem","position":3,"name":"Tek Diskli G\u00fcbre Serpme Makinas\u0131"}]},{"@type":"WebSite","@id":"https:\/\/www.ozbir-yataganli.com\/#website","url":"https:\/\/www.ozbir-yataganli.com\/","name":"\u00d6zbir Yata\u011fanl\u0131","description":"","potentialAction":[{"@type":"SearchAction","target":{"@type":"EntryPoint","urlTemplate":"https:\/\/www.ozbir-yataganli.com\/?s={search_term_string}"},"query-input":"required name=search_term_string"}],"inLanguage":"en-US"}]}},"_links":{"self":[{"href":"https:\/\/www.ozbir-yataganli.com\/en\/wp-json\/wp\/v2\/pages\/70999","targetHints":{"allow":["GET"]}}],"collection":[{"href":"https:\/\/www.ozbir-yataganli.com\/en\/wp-json\/wp\/v2\/pages"}],"about":[{"href":"https:\/\/www.ozbir-yataganli.com\/en\/wp-json\/wp\/v2\/types\/page"}],"author":[{"embeddable":true,"href":"https:\/\/www.ozbir-yataganli.com\/en\/wp-json\/wp\/v2\/users\/1"}],"replies":[{"embeddable":true,"href":"https:\/\/www.ozbir-yataganli.com\/en\/wp-json\/wp\/v2\/comments?post=70999"}],"version-history":[{"count":1,"href":"https:\/\/www.ozbir-yataganli.com\/en\/wp-json\/wp\/v2\/pages\/70999\/revisions"}],"predecessor-version":[{"id":71003,"href":"https:\/\/www.ozbir-yataganli.com\/en\/wp-json\/wp\/v2\/pages\/70999\/revisions\/71003"}],"up":[{"embeddable":true,"href":"https:\/\/www.ozbir-yataganli.com\/en\/wp-json\/wp\/v2\/pages\/73"}],"wp:featuredmedia":[{"embeddable":true,"href":"https:\/\/www.ozbir-yataganli.com\/en\/wp-json\/"}],"wp:attachment":[{"href":"https:\/\/www.ozbir-yataganli.com\/en\/wp-json\/wp\/v2\/media?parent=70999"}],"curies":[{"name":"wp","href":"https:\/\/api.w.org\/{rel}","templated":true}]}}