{"id":70993,"date":"2021-12-18T03:43:34","date_gmt":"2021-12-18T00:43:34","guid":{"rendered":"http:\/\/rza-macbook-pro.local\/ozbir\/?page_id=70993"},"modified":"2021-12-18T03:43:34","modified_gmt":"2021-12-18T00:43:34","slug":"sap-toplamali-saman-yapma-makinasi","status":"publish","type":"page","link":"https:\/\/www.ozbir-yataganli.com\/en\/products\/sap-toplamali-saman-yapma-makinasi\/","title":{"rendered":"Stem Collecting and Straw making machine"},"content":{"rendered":"<div class=\"container\"><div class=\"vc_row wpb_row vc_row-fluid vc_custom_1449576470084\"><div class=\"wpb_column vc_column_container vc_col-sm-12\"><div class=\"vc_column-inner\"><div class=\"wpb_wrapper\">\n\t<div class=\"wpb_text_column wpb_content_element\" >\n\t\t<div class=\"wpb_wrapper\">\n\t\t\t<div class=\"page\" title=\"Page 2\">\n<div class=\"layoutArea\">\n<div class=\"column\">\n<div class=\"page\" title=\"Page 2\">\n<div class=\"layoutArea\">\n<div class=\"column\">\n<p>It collects the stems, chaffs and hays which are left in the field by harvester and makes straw. It stores the straw into the trailer which is connected behind the machine. Size of straw can be adjusted according to the preference. The machine has been designed to run even by a small tractor, with less fuel consumption and it doesn't pressure tractor. Front table can be operated hydraucally. It is run by P.T.O. shaft of tractor. It has a strong and dynamic construction.<\/p>\n<\/div>\n<\/div>\n<\/div>\n<\/div>\n<\/div>\n<\/div>\n\n\t\t<\/div>\n\t<\/div>\n\n\t<div  class=\"wpb_single_image wpb_content_element vc_align_left\">\n\t\t\n\t\t<figure class=\"wpb_wrapper vc_figure\">\n\t\t\t<div class=\"vc_single_image-wrapper   vc_box_border_grey\"><img loading=\"lazy\" decoding=\"async\" width=\"640\" height=\"665\" src=\"https:\/\/www.ozbir-yataganli.com\/wp-content\/uploads\/2021\/12\/sap-toplama-saman-yapma-mak1-986x1024.png\" class=\"vc_single_image-img attachment-large\" alt=\"\" srcset=\"https:\/\/www.ozbir-yataganli.com\/wp-content\/uploads\/2021\/12\/sap-toplama-saman-yapma-mak1-986x1024.png 986w, https:\/\/www.ozbir-yataganli.com\/wp-content\/uploads\/2021\/12\/sap-toplama-saman-yapma-mak1-289x300.png 289w, https:\/\/www.ozbir-yataganli.com\/wp-content\/uploads\/2021\/12\/sap-toplama-saman-yapma-mak1-768x797.png 768w, https:\/\/www.ozbir-yataganli.com\/wp-content\/uploads\/2021\/12\/sap-toplama-saman-yapma-mak1.png 1256w\" sizes=\"auto, (max-width: 640px) 100vw, 640px\" \/><\/div>\n\t\t<\/figure>\n\t<\/div>\n\n\t<div  class=\"wpb_single_image wpb_content_element vc_align_left\">\n\t\t\n\t\t<figure class=\"wpb_wrapper vc_figure\">\n\t\t\t<div class=\"vc_single_image-wrapper   vc_box_border_grey\"><img loading=\"lazy\" decoding=\"async\" width=\"640\" height=\"507\" src=\"https:\/\/www.ozbir-yataganli.com\/wp-content\/uploads\/2021\/12\/sap-toplama-saman-yapma-mak2-1024x811.png\" class=\"vc_single_image-img attachment-large\" alt=\"\" srcset=\"https:\/\/www.ozbir-yataganli.com\/wp-content\/uploads\/2021\/12\/sap-toplama-saman-yapma-mak2-1024x811.png 1024w, https:\/\/www.ozbir-yataganli.com\/wp-content\/uploads\/2021\/12\/sap-toplama-saman-yapma-mak2-300x238.png 300w, https:\/\/www.ozbir-yataganli.com\/wp-content\/uploads\/2021\/12\/sap-toplama-saman-yapma-mak2-768x608.png 768w, https:\/\/www.ozbir-yataganli.com\/wp-content\/uploads\/2021\/12\/sap-toplama-saman-yapma-mak2.png 1523w\" sizes=\"auto, (max-width: 640px) 100vw, 640px\" \/><\/div>\n\t\t<\/figure>\n\t<\/div>\n\n\t<div  class=\"wpb_single_image wpb_content_element vc_align_left\">\n\t\t\n\t\t<figure class=\"wpb_wrapper vc_figure\">\n\t\t\t<div class=\"vc_single_image-wrapper   vc_box_border_grey\"><img loading=\"lazy\" decoding=\"async\" width=\"640\" height=\"535\" src=\"https:\/\/www.ozbir-yataganli.com\/wp-content\/uploads\/2021\/12\/sap-toplama-saman-yapma-mak3.png\" class=\"vc_single_image-img attachment-large\" alt=\"\" srcset=\"https:\/\/www.ozbir-yataganli.com\/wp-content\/uploads\/2021\/12\/sap-toplama-saman-yapma-mak3.png 776w, https:\/\/www.ozbir-yataganli.com\/wp-content\/uploads\/2021\/12\/sap-toplama-saman-yapma-mak3-300x251.png 300w, https:\/\/www.ozbir-yataganli.com\/wp-content\/uploads\/2021\/12\/sap-toplama-saman-yapma-mak3-768x642.png 768w\" sizes=\"auto, (max-width: 640px) 100vw, 640px\" \/><\/div>\n\t\t<\/figure>\n\t<\/div>\n<\/div><\/div><\/div><\/div><\/div><div class=\"container\"><div class=\"vc_row wpb_row vc_row-fluid vc_custom_1444503683289\"><div class=\"wpb_column vc_column_container vc_col-sm-12\"><div class=\"vc_column-inner\"><div class=\"wpb_wrapper\">\n<div class=\"separator  normal\" style=\"background-color:#e2e2e2;height:1px;\">\n<\/div>\n<\/div><\/div><\/div><\/div><\/div><div class=\"container\"><div class=\"vc_row wpb_row vc_row-fluid\"><div class=\"wpb_column vc_column_container vc_col-sm-12\"><div class=\"vc_column-inner\"><div class=\"wpb_wrapper\">\n\t<div class=\"wpb_text_column wpb_content_element\" >\n\t\t<div class=\"wpb_wrapper\">\n\t\t\t<h2>Technical Features<\/h2>\n<div class=\"tg-wrap\">\n<table class=\"tg\">\n<tbody>\n<tr>\n<td class=\"tg-fymr\"><strong>Total Length<\/strong><\/td>\n<td class=\"tg-0pky\">5500 mm<\/td>\n<\/tr>\n<tr>\n<td class=\"tg-fymr\"><strong>Total Width<\/strong><\/td>\n<td class=\"tg-0pky\">2800 mm<\/td>\n<\/tr>\n<tr>\n<td class=\"tg-fymr\"><strong>Total Height<\/strong><\/td>\n<td class=\"tg-0pky\">2600 mm<\/td>\n<\/tr>\n<tr>\n<td class=\"tg-fymr\"><strong>Weight\u00a0<\/strong><\/td>\n<td class=\"tg-0pky\">1850 kg<\/td>\n<\/tr>\n<tr>\n<td class=\"tg-fymr\"><strong>Working Capacity\u00a0<\/strong><\/td>\n<td class=\"tg-0pky\">4 t\/h<\/td>\n<\/tr>\n<tr>\n<td class=\"tg-fymr\"><strong>Work Width\u00a0<\/strong><\/td>\n<td class=\"tg-0pky\">1700 mm<\/td>\n<\/tr>\n<tr>\n<td class=\"tg-fymr\"><strong>Tire Sizes\u00a0<\/strong><\/td>\n<td class=\"tg-0pky\">10&#215;75 &#8211; 15.3<\/td>\n<\/tr>\n<\/tbody>\n<\/table>\n<\/div>\n\n\t\t<\/div>\n\t<\/div>\n<\/div><\/div><\/div><\/div><\/div>","protected":false},"excerpt":{"rendered":"Tarlada bic\u0327erdo\u0308verin b\u0131rakt\u0131g\u0306\u0131 saplar\u0131, an\u0131zlar\u0131 toplay\u0131p istenilen kalite ve ebatlarda saman haline getirir. Ayr\u0131ca yonca, fig, korunga gibi yem bitkilerini de yu\u0308ksek verimle is\u0327ler. I\u0307s\u0327ledig\u0306i saman\u0131 arkas\u0131ndaki remorka depolar. Yu\u0308ksek kapasiteli is\u0327leme tablas\u0131, bato\u0308ru\u0308 sayesinde zaman ve is\u0327c\u0327ilikten tasarruf sag\u0306lar. Trakto\u0308r gu\u0308c\u0327 ihtiyac\u0131 azd\u0131r. Trakto\u0308re ilave yu\u0308k vermez. Gu\u0308c\u0327lu\u0308 aspirato\u0308ru\u0308 sayesinde yu\u0308ksek vakum ve basma [...]","protected":false},"author":1,"featured_media":70778,"parent":73,"menu_order":1,"comment_status":"closed","ping_status":"closed","template":"","meta":{"footnotes":""},"class_list":["post-70993","page","type-page","status-publish","has-post-thumbnail","hentry"],"acf":[],"yoast_head":"<!-- This site is optimized with the Yoast SEO plugin v21.6 - https:\/\/yoast.com\/wordpress\/plugins\/seo\/ -->\n<title>Sap Toplamal\u0131 Saman Yapma Makinas\u0131 - \u00d6zbir Yata\u011fanl\u0131<\/title>\n<meta name=\"description\" content=\"Agricultural science is a broad multidisciplinary field of biology that encompasses the parts of exact, natural, economic and social sciences that are used in the practice and understanding of agriculture.\" \/>\n<meta name=\"robots\" content=\"index, follow, max-snippet:-1, max-image-preview:large, max-video-preview:-1\" \/>\n<link rel=\"canonical\" href=\"https:\/\/www.ozbir-yataganli.com\/en\/products\/sap-toplamali-saman-yapma-makinasi\/\" \/>\n<meta property=\"og:locale\" content=\"en_US\" \/>\n<meta property=\"og:type\" content=\"article\" \/>\n<meta property=\"og:title\" content=\"Sap Toplamal\u0131 Saman Yapma Makinas\u0131 - \u00d6zbir Yata\u011fanl\u0131\" \/>\n<meta property=\"og:description\" content=\"Agricultural science is a broad multidisciplinary field of biology that encompasses the parts of exact, natural, economic and social sciences that are used in the practice and understanding of agriculture.\" \/>\n<meta property=\"og:url\" content=\"https:\/\/www.ozbir-yataganli.com\/en\/products\/sap-toplamali-saman-yapma-makinasi\/\" \/>\n<meta property=\"og:site_name\" content=\"\u00d6zbir Yata\u011fanl\u0131\" \/>\n<meta name=\"twitter:card\" content=\"summary_large_image\" \/>\n<meta name=\"twitter:label1\" content=\"Est. reading time\" \/>\n\t<meta name=\"twitter:data1\" content=\"1 minute\" \/>\n<script type=\"application\/ld+json\" class=\"yoast-schema-graph\">{\"@context\":\"https:\/\/schema.org\",\"@graph\":[{\"@type\":\"WebPage\",\"@id\":\"https:\/\/www.ozbir-yataganli.com\/products\/sap-toplamali-saman-yapma-makinasi\/\",\"url\":\"https:\/\/www.ozbir-yataganli.com\/products\/sap-toplamali-saman-yapma-makinasi\/\",\"name\":\"Sap Toplamal\u0131 Saman Yapma Makinas\u0131 - \u00d6zbir Yata\u011fanl\u0131\",\"isPartOf\":{\"@id\":\"https:\/\/www.ozbir-yataganli.com\/#website\"},\"datePublished\":\"2021-12-18T00:43:34+00:00\",\"dateModified\":\"2021-12-18T00:43:34+00:00\",\"description\":\"Agricultural science is a broad multidisciplinary field of biology that encompasses the parts of exact, natural, economic and social sciences that are used in the practice and understanding of agriculture.\",\"breadcrumb\":{\"@id\":\"https:\/\/www.ozbir-yataganli.com\/products\/sap-toplamali-saman-yapma-makinasi\/#breadcrumb\"},\"inLanguage\":\"en-US\",\"potentialAction\":[{\"@type\":\"ReadAction\",\"target\":[\"https:\/\/www.ozbir-yataganli.com\/products\/sap-toplamali-saman-yapma-makinasi\/\"]}]},{\"@type\":\"BreadcrumbList\",\"@id\":\"https:\/\/www.ozbir-yataganli.com\/products\/sap-toplamali-saman-yapma-makinasi\/#breadcrumb\",\"itemListElement\":[{\"@type\":\"ListItem\",\"position\":1,\"name\":\"Anasayfa\",\"item\":\"https:\/\/www.ozbir-yataganli.com\/\"},{\"@type\":\"ListItem\",\"position\":2,\"name\":\"\u00dcr\u00fcnler\",\"item\":\"https:\/\/www.ozbir-yataganli.com\/products\/\"},{\"@type\":\"ListItem\",\"position\":3,\"name\":\"Sap Toplamal\u0131 Saman Yapma Makinas\u0131\"}]},{\"@type\":\"WebSite\",\"@id\":\"https:\/\/www.ozbir-yataganli.com\/#website\",\"url\":\"https:\/\/www.ozbir-yataganli.com\/\",\"name\":\"\u00d6zbir Yata\u011fanl\u0131\",\"description\":\"\",\"potentialAction\":[{\"@type\":\"SearchAction\",\"target\":{\"@type\":\"EntryPoint\",\"urlTemplate\":\"https:\/\/www.ozbir-yataganli.com\/?s={search_term_string}\"},\"query-input\":\"required name=search_term_string\"}],\"inLanguage\":\"en-US\"}]}<\/script>\n<!-- \/ Yoast SEO plugin. -->","yoast_head_json":{"title":"Sap Toplamal\u0131 Saman Yapma Makinas\u0131 - \u00d6zbir Yata\u011fanl\u0131","description":"Agricultural science is a broad multidisciplinary field of biology that encompasses the parts of exact, natural, economic and social sciences that are used in the practice and understanding of agriculture.","robots":{"index":"index","follow":"follow","max-snippet":"max-snippet:-1","max-image-preview":"max-image-preview:large","max-video-preview":"max-video-preview:-1"},"canonical":"https:\/\/www.ozbir-yataganli.com\/en\/products\/sap-toplamali-saman-yapma-makinasi\/","og_locale":"en_US","og_type":"article","og_title":"Sap Toplamal\u0131 Saman Yapma Makinas\u0131 - \u00d6zbir Yata\u011fanl\u0131","og_description":"Agricultural science is a broad multidisciplinary field of biology that encompasses the parts of exact, natural, economic and social sciences that are used in the practice and understanding of agriculture.","og_url":"https:\/\/www.ozbir-yataganli.com\/en\/products\/sap-toplamali-saman-yapma-makinasi\/","og_site_name":"\u00d6zbir Yata\u011fanl\u0131","twitter_card":"summary_large_image","twitter_misc":{"Est. reading time":"1 minute"},"schema":{"@context":"https:\/\/schema.org","@graph":[{"@type":"WebPage","@id":"https:\/\/www.ozbir-yataganli.com\/products\/sap-toplamali-saman-yapma-makinasi\/","url":"https:\/\/www.ozbir-yataganli.com\/products\/sap-toplamali-saman-yapma-makinasi\/","name":"Sap Toplamal\u0131 Saman Yapma Makinas\u0131 - \u00d6zbir Yata\u011fanl\u0131","isPartOf":{"@id":"https:\/\/www.ozbir-yataganli.com\/#website"},"datePublished":"2021-12-18T00:43:34+00:00","dateModified":"2021-12-18T00:43:34+00:00","description":"Agricultural science is a broad multidisciplinary field of biology that encompasses the parts of exact, natural, economic and social sciences that are used in the practice and understanding of agriculture.","breadcrumb":{"@id":"https:\/\/www.ozbir-yataganli.com\/products\/sap-toplamali-saman-yapma-makinasi\/#breadcrumb"},"inLanguage":"en-US","potentialAction":[{"@type":"ReadAction","target":["https:\/\/www.ozbir-yataganli.com\/products\/sap-toplamali-saman-yapma-makinasi\/"]}]},{"@type":"BreadcrumbList","@id":"https:\/\/www.ozbir-yataganli.com\/products\/sap-toplamali-saman-yapma-makinasi\/#breadcrumb","itemListElement":[{"@type":"ListItem","position":1,"name":"Anasayfa","item":"https:\/\/www.ozbir-yataganli.com\/"},{"@type":"ListItem","position":2,"name":"\u00dcr\u00fcnler","item":"https:\/\/www.ozbir-yataganli.com\/products\/"},{"@type":"ListItem","position":3,"name":"Sap Toplamal\u0131 Saman Yapma Makinas\u0131"}]},{"@type":"WebSite","@id":"https:\/\/www.ozbir-yataganli.com\/#website","url":"https:\/\/www.ozbir-yataganli.com\/","name":"\u00d6zbir Yata\u011fanl\u0131","description":"","potentialAction":[{"@type":"SearchAction","target":{"@type":"EntryPoint","urlTemplate":"https:\/\/www.ozbir-yataganli.com\/?s={search_term_string}"},"query-input":"required name=search_term_string"}],"inLanguage":"en-US"}]}},"_links":{"self":[{"href":"https:\/\/www.ozbir-yataganli.com\/en\/wp-json\/wp\/v2\/pages\/70993","targetHints":{"allow":["GET"]}}],"collection":[{"href":"https:\/\/www.ozbir-yataganli.com\/en\/wp-json\/wp\/v2\/pages"}],"about":[{"href":"https:\/\/www.ozbir-yataganli.com\/en\/wp-json\/wp\/v2\/types\/page"}],"author":[{"embeddable":true,"href":"https:\/\/www.ozbir-yataganli.com\/en\/wp-json\/wp\/v2\/users\/1"}],"replies":[{"embeddable":true,"href":"https:\/\/www.ozbir-yataganli.com\/en\/wp-json\/wp\/v2\/comments?post=70993"}],"version-history":[{"count":2,"href":"https:\/\/www.ozbir-yataganli.com\/en\/wp-json\/wp\/v2\/pages\/70993\/revisions"}],"predecessor-version":[{"id":70998,"href":"https:\/\/www.ozbir-yataganli.com\/en\/wp-json\/wp\/v2\/pages\/70993\/revisions\/70998"}],"up":[{"embeddable":true,"href":"https:\/\/www.ozbir-yataganli.com\/en\/wp-json\/wp\/v2\/pages\/73"}],"wp:featuredmedia":[{"embeddable":true,"href":"https:\/\/www.ozbir-yataganli.com\/en\/wp-json\/"}],"wp:attachment":[{"href":"https:\/\/www.ozbir-yataganli.com\/en\/wp-json\/wp\/v2\/media?parent=70993"}],"curies":[{"name":"wp","href":"https:\/\/api.w.org\/{rel}","templated":true}]}}