{"id":70990,"date":"2021-12-18T03:41:32","date_gmt":"2021-12-18T00:41:32","guid":{"rendered":"http:\/\/rza-macbook-pro.local\/ozbir\/?page_id=70990"},"modified":"2021-12-18T03:41:32","modified_gmt":"2021-12-18T00:41:32","slug":"ot-toplama-tirmigi-2","status":"publish","type":"page","link":"https:\/\/www.ozbir-yataganli.com\/en\/products\/ot-toplama-tirmigi-2\/","title":{"rendered":"Finger Wheel Rake"},"content":{"rendered":"<div class=\"container\"><div class=\"vc_row wpb_row vc_row-fluid vc_custom_1449576470084\"><div class=\"wpb_column vc_column_container vc_col-sm-12\"><div class=\"vc_column-inner\"><div class=\"wpb_wrapper\">\n\t<div  class=\"wpb_single_image wpb_content_element vc_align_left\">\n\t\t\n\t\t<figure class=\"wpb_wrapper vc_figure\">\n\t\t\t<div class=\"vc_single_image-wrapper   vc_box_border_grey\"><img loading=\"lazy\" decoding=\"async\" width=\"640\" height=\"344\" src=\"https:\/\/www.ozbir-yataganli.com\/wp-content\/uploads\/2021\/12\/ot-toplama-tirmig\u0306i-2-1-1024x550.png\" class=\"vc_single_image-img attachment-large\" alt=\"\" srcset=\"https:\/\/www.ozbir-yataganli.com\/wp-content\/uploads\/2021\/12\/ot-toplama-tirmig\u0306i-2-1-1024x550.png 1024w, https:\/\/www.ozbir-yataganli.com\/wp-content\/uploads\/2021\/12\/ot-toplama-tirmig\u0306i-2-1-300x161.png 300w, https:\/\/www.ozbir-yataganli.com\/wp-content\/uploads\/2021\/12\/ot-toplama-tirmig\u0306i-2-1-768x412.png 768w, https:\/\/www.ozbir-yataganli.com\/wp-content\/uploads\/2021\/12\/ot-toplama-tirmig\u0306i-2-1.png 1336w\" sizes=\"auto, (max-width: 640px) 100vw, 640px\" \/><\/div>\n\t\t<\/figure>\n\t<\/div>\n<\/div><\/div><\/div><\/div><\/div><div class=\"container\"><div class=\"vc_row wpb_row vc_row-fluid vc_custom_1444503683289\"><div class=\"wpb_column vc_column_container vc_col-sm-12\"><div class=\"vc_column-inner\"><div class=\"wpb_wrapper\">\n<div class=\"separator  normal\" style=\"background-color:#e2e2e2;height:1px;\">\n<\/div>\n<\/div><\/div><\/div><\/div><\/div><div class=\"container\"><div class=\"vc_row wpb_row vc_row-fluid\"><div class=\"wpb_column vc_column_container vc_col-sm-12\"><div class=\"vc_column-inner\"><div class=\"wpb_wrapper\">\n\t<div class=\"wpb_text_column wpb_content_element\" >\n\t\t<div class=\"wpb_wrapper\">\n\t\t\t<h2>Technical Features<\/h2>\n<style type=\"text\/css\">\n.tg  {border-collapse:collapse;border-spacing:0;}<br \/>.tg td{border-color:black;border-style:solid;border-width:1px;font-family:Arial, sans-serif;font-size:14px;<br \/>  overflow:hidden;padding:10px 5px;word-break:normal;}<br \/>.tg th{border-color:black;border-style:solid;border-width:1px;font-family:Arial, sans-serif;font-size:14px;<br \/>  font-weight:normal;overflow:hidden;padding:10px 5px;word-break:normal;}<br \/>.tg .tg-1wig{font-weight:bold;text-align:left;vertical-align:top}<br \/>.tg .tg-0lax{text-align:left;vertical-align:top}<br \/>@media screen and (max-width: 767px) {.tg {width: auto !important;}.tg col {width: auto !important;}.tg-wrap {overflow-x: auto;-webkit-overflow-scrolling: touch;}}<\/style>\n<div class=\"tg-wrap\">\n<table class=\"tg\">\n<tbody>\n<tr>\n<td class=\"tg-1wig\">Length (cm)<\/td>\n<td class=\"tg-1wig\">Working Width (cm)<\/td>\n<td class=\"tg-1wig\">Passenger Width (cm)<\/td>\n<td class=\"tg-1wig\">Weight (kg)<\/td>\n<td class=\"tg-1wig\">Number of Wheels (each)<\/td>\n<td class=\"tg-1wig\">Tractor Power (hp)<\/td>\n<\/tr>\n<tr>\n<td class=\"tg-0lax\">425<\/td>\n<td class=\"tg-0lax\">250-300<\/td>\n<td class=\"tg-0lax\">140<\/td>\n<td class=\"tg-0lax\">175<\/td>\n<td class=\"tg-0lax\">4<\/td>\n<td class=\"tg-0lax\">20<\/td>\n<\/tr>\n<\/tbody>\n<\/table>\n<\/div>\n\n\t\t<\/div>\n\t<\/div>\n<\/div><\/div><\/div><\/div><\/div>","protected":false},"excerpt":{"rendered":"Teknik \u00d6zellikler Uzunluk (cm) \u0130\u015f Geni\u015fli\u011fi (cm) Yolcu Geni\u015fli\u011fi (cm) A\u011f\u0131rl\u0131k (kg) Teker Say\u0131s\u0131 (Adet) Trakt\u00f6r G\u00fcc\u00fc (hp) 425 250-300 140 175 4 20","protected":false},"author":1,"featured_media":70778,"parent":73,"menu_order":1,"comment_status":"closed","ping_status":"closed","template":"","meta":{"footnotes":""},"class_list":["post-70990","page","type-page","status-publish","has-post-thumbnail","hentry"],"acf":[],"yoast_head":"<!-- This site is optimized with the Yoast SEO plugin v21.6 - https:\/\/yoast.com\/wordpress\/plugins\/seo\/ -->\n<title>Ot Toplama T\u0131rm\u0131\u011f\u0131 - \u00d6zbir Yata\u011fanl\u0131<\/title>\n<meta name=\"description\" content=\"Agricultural science is a broad multidisciplinary field of biology that encompasses the parts of exact, natural, economic and social sciences that are used in the practice and understanding of agriculture.\" \/>\n<meta name=\"robots\" content=\"index, follow, max-snippet:-1, max-image-preview:large, max-video-preview:-1\" \/>\n<link rel=\"canonical\" href=\"https:\/\/www.ozbir-yataganli.com\/en\/products\/ot-toplama-tirmigi-2\/\" \/>\n<meta property=\"og:locale\" content=\"en_US\" \/>\n<meta property=\"og:type\" content=\"article\" \/>\n<meta property=\"og:title\" content=\"Ot Toplama T\u0131rm\u0131\u011f\u0131 - \u00d6zbir Yata\u011fanl\u0131\" \/>\n<meta property=\"og:description\" content=\"Agricultural science is a broad multidisciplinary field of biology that encompasses the parts of exact, natural, economic and social sciences that are used in the practice and understanding of agriculture.\" \/>\n<meta property=\"og:url\" content=\"https:\/\/www.ozbir-yataganli.com\/en\/products\/ot-toplama-tirmigi-2\/\" \/>\n<meta property=\"og:site_name\" content=\"\u00d6zbir Yata\u011fanl\u0131\" \/>\n<meta name=\"twitter:card\" content=\"summary_large_image\" \/>\n<meta name=\"twitter:label1\" content=\"Est. reading time\" \/>\n\t<meta name=\"twitter:data1\" content=\"1 minute\" \/>\n<script type=\"application\/ld+json\" class=\"yoast-schema-graph\">{\"@context\":\"https:\/\/schema.org\",\"@graph\":[{\"@type\":\"WebPage\",\"@id\":\"https:\/\/www.ozbir-yataganli.com\/products\/ot-toplama-tirmigi-2\/\",\"url\":\"https:\/\/www.ozbir-yataganli.com\/products\/ot-toplama-tirmigi-2\/\",\"name\":\"Ot Toplama T\u0131rm\u0131\u011f\u0131 - \u00d6zbir Yata\u011fanl\u0131\",\"isPartOf\":{\"@id\":\"https:\/\/www.ozbir-yataganli.com\/#website\"},\"datePublished\":\"2021-12-18T00:41:32+00:00\",\"dateModified\":\"2021-12-18T00:41:32+00:00\",\"description\":\"Agricultural science is a broad multidisciplinary field of biology that encompasses the parts of exact, natural, economic and social sciences that are used in the practice and understanding of agriculture.\",\"breadcrumb\":{\"@id\":\"https:\/\/www.ozbir-yataganli.com\/products\/ot-toplama-tirmigi-2\/#breadcrumb\"},\"inLanguage\":\"en-US\",\"potentialAction\":[{\"@type\":\"ReadAction\",\"target\":[\"https:\/\/www.ozbir-yataganli.com\/products\/ot-toplama-tirmigi-2\/\"]}]},{\"@type\":\"BreadcrumbList\",\"@id\":\"https:\/\/www.ozbir-yataganli.com\/products\/ot-toplama-tirmigi-2\/#breadcrumb\",\"itemListElement\":[{\"@type\":\"ListItem\",\"position\":1,\"name\":\"Anasayfa\",\"item\":\"https:\/\/www.ozbir-yataganli.com\/\"},{\"@type\":\"ListItem\",\"position\":2,\"name\":\"\u00dcr\u00fcnler\",\"item\":\"https:\/\/www.ozbir-yataganli.com\/products\/\"},{\"@type\":\"ListItem\",\"position\":3,\"name\":\"Ot Toplama T\u0131rm\u0131\u011f\u0131\"}]},{\"@type\":\"WebSite\",\"@id\":\"https:\/\/www.ozbir-yataganli.com\/#website\",\"url\":\"https:\/\/www.ozbir-yataganli.com\/\",\"name\":\"\u00d6zbir Yata\u011fanl\u0131\",\"description\":\"\",\"potentialAction\":[{\"@type\":\"SearchAction\",\"target\":{\"@type\":\"EntryPoint\",\"urlTemplate\":\"https:\/\/www.ozbir-yataganli.com\/?s={search_term_string}\"},\"query-input\":\"required name=search_term_string\"}],\"inLanguage\":\"en-US\"}]}<\/script>\n<!-- \/ Yoast SEO plugin. -->","yoast_head_json":{"title":"Ot Toplama T\u0131rm\u0131\u011f\u0131 - \u00d6zbir Yata\u011fanl\u0131","description":"Agricultural science is a broad multidisciplinary field of biology that encompasses the parts of exact, natural, economic and social sciences that are used in the practice and understanding of agriculture.","robots":{"index":"index","follow":"follow","max-snippet":"max-snippet:-1","max-image-preview":"max-image-preview:large","max-video-preview":"max-video-preview:-1"},"canonical":"https:\/\/www.ozbir-yataganli.com\/en\/products\/ot-toplama-tirmigi-2\/","og_locale":"en_US","og_type":"article","og_title":"Ot Toplama T\u0131rm\u0131\u011f\u0131 - \u00d6zbir Yata\u011fanl\u0131","og_description":"Agricultural science is a broad multidisciplinary field of biology that encompasses the parts of exact, natural, economic and social sciences that are used in the practice and understanding of agriculture.","og_url":"https:\/\/www.ozbir-yataganli.com\/en\/products\/ot-toplama-tirmigi-2\/","og_site_name":"\u00d6zbir Yata\u011fanl\u0131","twitter_card":"summary_large_image","twitter_misc":{"Est. reading time":"1 minute"},"schema":{"@context":"https:\/\/schema.org","@graph":[{"@type":"WebPage","@id":"https:\/\/www.ozbir-yataganli.com\/products\/ot-toplama-tirmigi-2\/","url":"https:\/\/www.ozbir-yataganli.com\/products\/ot-toplama-tirmigi-2\/","name":"Ot Toplama T\u0131rm\u0131\u011f\u0131 - \u00d6zbir Yata\u011fanl\u0131","isPartOf":{"@id":"https:\/\/www.ozbir-yataganli.com\/#website"},"datePublished":"2021-12-18T00:41:32+00:00","dateModified":"2021-12-18T00:41:32+00:00","description":"Agricultural science is a broad multidisciplinary field of biology that encompasses the parts of exact, natural, economic and social sciences that are used in the practice and understanding of agriculture.","breadcrumb":{"@id":"https:\/\/www.ozbir-yataganli.com\/products\/ot-toplama-tirmigi-2\/#breadcrumb"},"inLanguage":"en-US","potentialAction":[{"@type":"ReadAction","target":["https:\/\/www.ozbir-yataganli.com\/products\/ot-toplama-tirmigi-2\/"]}]},{"@type":"BreadcrumbList","@id":"https:\/\/www.ozbir-yataganli.com\/products\/ot-toplama-tirmigi-2\/#breadcrumb","itemListElement":[{"@type":"ListItem","position":1,"name":"Anasayfa","item":"https:\/\/www.ozbir-yataganli.com\/"},{"@type":"ListItem","position":2,"name":"\u00dcr\u00fcnler","item":"https:\/\/www.ozbir-yataganli.com\/products\/"},{"@type":"ListItem","position":3,"name":"Ot Toplama T\u0131rm\u0131\u011f\u0131"}]},{"@type":"WebSite","@id":"https:\/\/www.ozbir-yataganli.com\/#website","url":"https:\/\/www.ozbir-yataganli.com\/","name":"\u00d6zbir Yata\u011fanl\u0131","description":"","potentialAction":[{"@type":"SearchAction","target":{"@type":"EntryPoint","urlTemplate":"https:\/\/www.ozbir-yataganli.com\/?s={search_term_string}"},"query-input":"required name=search_term_string"}],"inLanguage":"en-US"}]}},"_links":{"self":[{"href":"https:\/\/www.ozbir-yataganli.com\/en\/wp-json\/wp\/v2\/pages\/70990","targetHints":{"allow":["GET"]}}],"collection":[{"href":"https:\/\/www.ozbir-yataganli.com\/en\/wp-json\/wp\/v2\/pages"}],"about":[{"href":"https:\/\/www.ozbir-yataganli.com\/en\/wp-json\/wp\/v2\/types\/page"}],"author":[{"embeddable":true,"href":"https:\/\/www.ozbir-yataganli.com\/en\/wp-json\/wp\/v2\/users\/1"}],"replies":[{"embeddable":true,"href":"https:\/\/www.ozbir-yataganli.com\/en\/wp-json\/wp\/v2\/comments?post=70990"}],"version-history":[{"count":1,"href":"https:\/\/www.ozbir-yataganli.com\/en\/wp-json\/wp\/v2\/pages\/70990\/revisions"}],"predecessor-version":[{"id":70992,"href":"https:\/\/www.ozbir-yataganli.com\/en\/wp-json\/wp\/v2\/pages\/70990\/revisions\/70992"}],"up":[{"embeddable":true,"href":"https:\/\/www.ozbir-yataganli.com\/en\/wp-json\/wp\/v2\/pages\/73"}],"wp:featuredmedia":[{"embeddable":true,"href":"https:\/\/www.ozbir-yataganli.com\/en\/wp-json\/"}],"wp:attachment":[{"href":"https:\/\/www.ozbir-yataganli.com\/en\/wp-json\/wp\/v2\/media?parent=70990"}],"curies":[{"name":"wp","href":"https:\/\/api.w.org\/{rel}","templated":true}]}}