{"id":70980,"date":"2021-12-18T03:38:57","date_gmt":"2021-12-18T00:38:57","guid":{"rendered":"http:\/\/rza-macbook-pro.local\/ozbir\/?page_id=70980"},"modified":"2021-12-18T03:38:57","modified_gmt":"2021-12-18T00:38:57","slug":"mobil-tip-gezerli-depolu-harman-makinasi","status":"publish","type":"page","link":"https:\/\/www.ozbir-yataganli.com\/en\/products\/mobil-tip-gezerli-depolu-harman-makinasi\/","title":{"rendered":"Mobile thresher machine with depot"},"content":{"rendered":"<div class=\"container\"><div class=\"vc_row wpb_row vc_row-fluid vc_custom_1449576470084\"><div class=\"wpb_column vc_column_container vc_col-sm-12\"><div class=\"vc_column-inner\"><div class=\"wpb_wrapper\">\n\t<div class=\"wpb_text_column wpb_content_element\" >\n\t\t<div class=\"wpb_wrapper\">\n\t\t\t<div class=\"page\" title=\"Page 2\">\n<div class=\"layoutArea\">\n<div class=\"column\">\n<div class=\"page\" title=\"Page 2\">\n<div class=\"layoutArea\">\n<div class=\"column\">\n<p>Ozbiryataganli harvester machine with depot is designed for working in the field while moving. This is why this machine is also called \"moving thresher\".It works with gear box system and seperates the grains from stems and is applied for wheat,barley,oat,rye lentile,cheakpea, etc. Grains are elevated to the built-in depot and straws are thrown to the trailer. Depot is emptied by hydraulic tipper or spiral system. Thresher with depot differs than standart threshers by saving time and labor.<\/p>\n<\/div>\n<\/div>\n<\/div>\n<\/div>\n<\/div>\n<\/div>\n\n\t\t<\/div>\n\t<\/div>\n\n\t<div  class=\"wpb_single_image wpb_content_element vc_align_left\">\n\t\t\n\t\t<figure class=\"wpb_wrapper vc_figure\">\n\t\t\t<div class=\"vc_single_image-wrapper   vc_box_border_grey\"><img loading=\"lazy\" decoding=\"async\" width=\"640\" height=\"401\" src=\"https:\/\/www.ozbir-yataganli.com\/wp-content\/uploads\/2021\/12\/mobil-tip-gezerli-depolu-harman-mak-2-1-1024x641.png\" class=\"vc_single_image-img attachment-large\" alt=\"\" srcset=\"https:\/\/www.ozbir-yataganli.com\/wp-content\/uploads\/2021\/12\/mobil-tip-gezerli-depolu-harman-mak-2-1-1024x641.png 1024w, https:\/\/www.ozbir-yataganli.com\/wp-content\/uploads\/2021\/12\/mobil-tip-gezerli-depolu-harman-mak-2-1-300x188.png 300w, https:\/\/www.ozbir-yataganli.com\/wp-content\/uploads\/2021\/12\/mobil-tip-gezerli-depolu-harman-mak-2-1-768x480.png 768w, https:\/\/www.ozbir-yataganli.com\/wp-content\/uploads\/2021\/12\/mobil-tip-gezerli-depolu-harman-mak-2-1-1536x961.png 1536w, https:\/\/www.ozbir-yataganli.com\/wp-content\/uploads\/2021\/12\/mobil-tip-gezerli-depolu-harman-mak-2-1.png 1573w\" sizes=\"auto, (max-width: 640px) 100vw, 640px\" \/><\/div>\n\t\t<\/figure>\n\t<\/div>\n\n\t<div  class=\"wpb_single_image wpb_content_element vc_align_left\">\n\t\t\n\t\t<figure class=\"wpb_wrapper vc_figure\">\n\t\t\t<div class=\"vc_single_image-wrapper   vc_box_border_grey\"><img loading=\"lazy\" decoding=\"async\" width=\"640\" height=\"439\" src=\"https:\/\/www.ozbir-yataganli.com\/wp-content\/uploads\/2021\/12\/mobil-tip-gezerli-depolu-harman-mak-3-1-1024x703.png\" class=\"vc_single_image-img attachment-large\" alt=\"\" srcset=\"https:\/\/www.ozbir-yataganli.com\/wp-content\/uploads\/2021\/12\/mobil-tip-gezerli-depolu-harman-mak-3-1-1024x703.png 1024w, https:\/\/www.ozbir-yataganli.com\/wp-content\/uploads\/2021\/12\/mobil-tip-gezerli-depolu-harman-mak-3-1-300x206.png 300w, https:\/\/www.ozbir-yataganli.com\/wp-content\/uploads\/2021\/12\/mobil-tip-gezerli-depolu-harman-mak-3-1-768x527.png 768w, https:\/\/www.ozbir-yataganli.com\/wp-content\/uploads\/2021\/12\/mobil-tip-gezerli-depolu-harman-mak-3-1.png 1126w\" sizes=\"auto, (max-width: 640px) 100vw, 640px\" \/><\/div>\n\t\t<\/figure>\n\t<\/div>\n\n\t<div  class=\"wpb_single_image wpb_content_element vc_align_left\">\n\t\t\n\t\t<figure class=\"wpb_wrapper vc_figure\">\n\t\t\t<div class=\"vc_single_image-wrapper   vc_box_border_grey\"><img loading=\"lazy\" decoding=\"async\" width=\"640\" height=\"383\" src=\"https:\/\/www.ozbir-yataganli.com\/wp-content\/uploads\/2021\/12\/mobil-tip-gezerli-depoluharman-1-1-1024x613.png\" class=\"vc_single_image-img attachment-large\" alt=\"\" srcset=\"https:\/\/www.ozbir-yataganli.com\/wp-content\/uploads\/2021\/12\/mobil-tip-gezerli-depoluharman-1-1-1024x613.png 1024w, https:\/\/www.ozbir-yataganli.com\/wp-content\/uploads\/2021\/12\/mobil-tip-gezerli-depoluharman-1-1-300x180.png 300w, https:\/\/www.ozbir-yataganli.com\/wp-content\/uploads\/2021\/12\/mobil-tip-gezerli-depoluharman-1-1-768x460.png 768w, https:\/\/www.ozbir-yataganli.com\/wp-content\/uploads\/2021\/12\/mobil-tip-gezerli-depoluharman-1-1.png 1537w\" sizes=\"auto, (max-width: 640px) 100vw, 640px\" \/><\/div>\n\t\t<\/figure>\n\t<\/div>\n<\/div><\/div><\/div><\/div><\/div><div class=\"container\"><div class=\"vc_row wpb_row vc_row-fluid vc_custom_1444503683289\"><div class=\"wpb_column vc_column_container vc_col-sm-12\"><div class=\"vc_column-inner\"><div class=\"wpb_wrapper\">\n<div class=\"separator  normal\" style=\"background-color:#e2e2e2;height:1px;\">\n<\/div>\n<\/div><\/div><\/div><\/div><\/div><div class=\"container\"><div class=\"vc_row wpb_row vc_row-fluid\"><div class=\"wpb_column vc_column_container vc_col-sm-12\"><div class=\"vc_column-inner\"><div class=\"wpb_wrapper\">\n\t<div class=\"wpb_text_column wpb_content_element\" >\n\t\t<div class=\"wpb_wrapper\">\n\t\t\t<h2>Technical Features<\/h2>\n<div class=\"tg-wrap\">\n<table class=\"tg\">\n<tbody>\n<tr>\n<td class=\"tg-fymr\"><strong>Length<\/strong><\/td>\n<td class=\"tg-0pky\">6050 mm<\/td>\n<\/tr>\n<tr>\n<td class=\"tg-fymr\"><strong>Width<\/strong><\/td>\n<td class=\"tg-0pky\">2600 mm<\/td>\n<\/tr>\n<tr>\n<td class=\"tg-fymr\"><strong>Height<\/strong><\/td>\n<td class=\"tg-0pky\">3500 mm<\/td>\n<\/tr>\n<tr>\n<td class=\"tg-fymr\"><strong>Weight\u00a0<\/strong><\/td>\n<td class=\"tg-0pky\">2600 kg.<\/td>\n<\/tr>\n<tr>\n<td class=\"tg-fymr\"><strong>Tank Capacity\u00a0<\/strong><\/td>\n<td class=\"tg-0pky\">1050 kg.<\/td>\n<\/tr>\n<tr>\n<td class=\"tg-fymr\"><strong>Work Capacity\u00a0<\/strong><\/td>\n<td class=\"tg-0pky\">2000 kg.\/h<\/td>\n<\/tr>\n<\/tbody>\n<\/table>\n<\/div>\n\n\t\t<\/div>\n\t<\/div>\n<\/div><\/div><\/div><\/div><\/div>","protected":false},"excerpt":{"rendered":"\u00d6ZB\u0130R mobil (gezerli) depolu harman makinas\u0131 her t\u00fcrl\u00fc bu\u011fday, arpa gibi tah\u0131llar\u0131 ayr\u0131ca nohut, fasulye, mercimek gibi bakliyatlar\u0131 toplamaya ihtiya\u00e7 olmadan tarlada y\u00fcksek verimle i\u015fler. Tane ve saman\u0131 ay\u0131r\u0131r. Taneyi \u00fczerindeki depoya saman\u0131 ise arkas\u0131ndaki remorka depolar. Hareket halinde \u00e7al\u0131\u015fabilecek \u015fekilde dizayn edilmi\u015ftir. Temizlenmi\u015f taneler pn\u00f6matik olarak veya elevat\u00f6r vas\u0131tas\u0131 ile depoya iletilir. Depo hidrolik [...]","protected":false},"author":1,"featured_media":70778,"parent":73,"menu_order":1,"comment_status":"closed","ping_status":"closed","template":"","meta":{"footnotes":""},"class_list":["post-70980","page","type-page","status-publish","has-post-thumbnail","hentry"],"acf":[],"yoast_head":"<!-- This site is optimized with the Yoast SEO plugin v21.6 - https:\/\/yoast.com\/wordpress\/plugins\/seo\/ -->\n<title>Mobil Tip (Gezerli) Depolu Harman Makinas\u0131 - \u00d6zbir Yata\u011fanl\u0131<\/title>\n<meta name=\"description\" content=\"Agricultural science is a broad multidisciplinary field of biology that encompasses the parts of exact, natural, economic and social sciences that are used in the practice and understanding of agriculture.\" \/>\n<meta name=\"robots\" content=\"index, follow, max-snippet:-1, max-image-preview:large, max-video-preview:-1\" \/>\n<link rel=\"canonical\" href=\"https:\/\/www.ozbir-yataganli.com\/en\/products\/mobil-tip-gezerli-depolu-harman-makinasi\/\" \/>\n<meta property=\"og:locale\" content=\"en_US\" \/>\n<meta property=\"og:type\" content=\"article\" \/>\n<meta property=\"og:title\" content=\"Mobil Tip (Gezerli) Depolu Harman Makinas\u0131 - \u00d6zbir Yata\u011fanl\u0131\" \/>\n<meta property=\"og:description\" content=\"Agricultural science is a broad multidisciplinary field of biology that encompasses the parts of exact, natural, economic and social sciences that are used in the practice and understanding of agriculture.\" \/>\n<meta property=\"og:url\" content=\"https:\/\/www.ozbir-yataganli.com\/en\/products\/mobil-tip-gezerli-depolu-harman-makinasi\/\" \/>\n<meta property=\"og:site_name\" content=\"\u00d6zbir Yata\u011fanl\u0131\" \/>\n<meta name=\"twitter:card\" content=\"summary_large_image\" \/>\n<meta name=\"twitter:label1\" content=\"Est. reading time\" \/>\n\t<meta name=\"twitter:data1\" content=\"1 minute\" \/>\n<script type=\"application\/ld+json\" class=\"yoast-schema-graph\">{\"@context\":\"https:\/\/schema.org\",\"@graph\":[{\"@type\":\"WebPage\",\"@id\":\"https:\/\/www.ozbir-yataganli.com\/products\/mobil-tip-gezerli-depolu-harman-makinasi\/\",\"url\":\"https:\/\/www.ozbir-yataganli.com\/products\/mobil-tip-gezerli-depolu-harman-makinasi\/\",\"name\":\"Mobil Tip (Gezerli) Depolu Harman Makinas\u0131 - \u00d6zbir Yata\u011fanl\u0131\",\"isPartOf\":{\"@id\":\"https:\/\/www.ozbir-yataganli.com\/#website\"},\"datePublished\":\"2021-12-18T00:38:57+00:00\",\"dateModified\":\"2021-12-18T00:38:57+00:00\",\"description\":\"Agricultural science is a broad multidisciplinary field of biology that encompasses the parts of exact, natural, economic and social sciences that are used in the practice and understanding of agriculture.\",\"breadcrumb\":{\"@id\":\"https:\/\/www.ozbir-yataganli.com\/products\/mobil-tip-gezerli-depolu-harman-makinasi\/#breadcrumb\"},\"inLanguage\":\"en-US\",\"potentialAction\":[{\"@type\":\"ReadAction\",\"target\":[\"https:\/\/www.ozbir-yataganli.com\/products\/mobil-tip-gezerli-depolu-harman-makinasi\/\"]}]},{\"@type\":\"BreadcrumbList\",\"@id\":\"https:\/\/www.ozbir-yataganli.com\/products\/mobil-tip-gezerli-depolu-harman-makinasi\/#breadcrumb\",\"itemListElement\":[{\"@type\":\"ListItem\",\"position\":1,\"name\":\"Anasayfa\",\"item\":\"https:\/\/www.ozbir-yataganli.com\/\"},{\"@type\":\"ListItem\",\"position\":2,\"name\":\"\u00dcr\u00fcnler\",\"item\":\"https:\/\/www.ozbir-yataganli.com\/products\/\"},{\"@type\":\"ListItem\",\"position\":3,\"name\":\"Mobil Tip (Gezerli) Depolu Harman Makinas\u0131\"}]},{\"@type\":\"WebSite\",\"@id\":\"https:\/\/www.ozbir-yataganli.com\/#website\",\"url\":\"https:\/\/www.ozbir-yataganli.com\/\",\"name\":\"\u00d6zbir Yata\u011fanl\u0131\",\"description\":\"\",\"potentialAction\":[{\"@type\":\"SearchAction\",\"target\":{\"@type\":\"EntryPoint\",\"urlTemplate\":\"https:\/\/www.ozbir-yataganli.com\/?s={search_term_string}\"},\"query-input\":\"required name=search_term_string\"}],\"inLanguage\":\"en-US\"}]}<\/script>\n<!-- \/ Yoast SEO plugin. -->","yoast_head_json":{"title":"Mobil Tip (Gezerli) Depolu Harman Makinas\u0131 - \u00d6zbir Yata\u011fanl\u0131","description":"Agricultural science is a broad multidisciplinary field of biology that encompasses the parts of exact, natural, economic and social sciences that are used in the practice and understanding of agriculture.","robots":{"index":"index","follow":"follow","max-snippet":"max-snippet:-1","max-image-preview":"max-image-preview:large","max-video-preview":"max-video-preview:-1"},"canonical":"https:\/\/www.ozbir-yataganli.com\/en\/products\/mobil-tip-gezerli-depolu-harman-makinasi\/","og_locale":"en_US","og_type":"article","og_title":"Mobil Tip (Gezerli) Depolu Harman Makinas\u0131 - \u00d6zbir Yata\u011fanl\u0131","og_description":"Agricultural science is a broad multidisciplinary field of biology that encompasses the parts of exact, natural, economic and social sciences that are used in the practice and understanding of agriculture.","og_url":"https:\/\/www.ozbir-yataganli.com\/en\/products\/mobil-tip-gezerli-depolu-harman-makinasi\/","og_site_name":"\u00d6zbir Yata\u011fanl\u0131","twitter_card":"summary_large_image","twitter_misc":{"Est. reading time":"1 minute"},"schema":{"@context":"https:\/\/schema.org","@graph":[{"@type":"WebPage","@id":"https:\/\/www.ozbir-yataganli.com\/products\/mobil-tip-gezerli-depolu-harman-makinasi\/","url":"https:\/\/www.ozbir-yataganli.com\/products\/mobil-tip-gezerli-depolu-harman-makinasi\/","name":"Mobil Tip (Gezerli) Depolu Harman Makinas\u0131 - \u00d6zbir Yata\u011fanl\u0131","isPartOf":{"@id":"https:\/\/www.ozbir-yataganli.com\/#website"},"datePublished":"2021-12-18T00:38:57+00:00","dateModified":"2021-12-18T00:38:57+00:00","description":"Agricultural science is a broad multidisciplinary field of biology that encompasses the parts of exact, natural, economic and social sciences that are used in the practice and understanding of agriculture.","breadcrumb":{"@id":"https:\/\/www.ozbir-yataganli.com\/products\/mobil-tip-gezerli-depolu-harman-makinasi\/#breadcrumb"},"inLanguage":"en-US","potentialAction":[{"@type":"ReadAction","target":["https:\/\/www.ozbir-yataganli.com\/products\/mobil-tip-gezerli-depolu-harman-makinasi\/"]}]},{"@type":"BreadcrumbList","@id":"https:\/\/www.ozbir-yataganli.com\/products\/mobil-tip-gezerli-depolu-harman-makinasi\/#breadcrumb","itemListElement":[{"@type":"ListItem","position":1,"name":"Anasayfa","item":"https:\/\/www.ozbir-yataganli.com\/"},{"@type":"ListItem","position":2,"name":"\u00dcr\u00fcnler","item":"https:\/\/www.ozbir-yataganli.com\/products\/"},{"@type":"ListItem","position":3,"name":"Mobil Tip (Gezerli) Depolu Harman Makinas\u0131"}]},{"@type":"WebSite","@id":"https:\/\/www.ozbir-yataganli.com\/#website","url":"https:\/\/www.ozbir-yataganli.com\/","name":"\u00d6zbir Yata\u011fanl\u0131","description":"","potentialAction":[{"@type":"SearchAction","target":{"@type":"EntryPoint","urlTemplate":"https:\/\/www.ozbir-yataganli.com\/?s={search_term_string}"},"query-input":"required name=search_term_string"}],"inLanguage":"en-US"}]}},"_links":{"self":[{"href":"https:\/\/www.ozbir-yataganli.com\/en\/wp-json\/wp\/v2\/pages\/70980","targetHints":{"allow":["GET"]}}],"collection":[{"href":"https:\/\/www.ozbir-yataganli.com\/en\/wp-json\/wp\/v2\/pages"}],"about":[{"href":"https:\/\/www.ozbir-yataganli.com\/en\/wp-json\/wp\/v2\/types\/page"}],"author":[{"embeddable":true,"href":"https:\/\/www.ozbir-yataganli.com\/en\/wp-json\/wp\/v2\/users\/1"}],"replies":[{"embeddable":true,"href":"https:\/\/www.ozbir-yataganli.com\/en\/wp-json\/wp\/v2\/comments?post=70980"}],"version-history":[{"count":2,"href":"https:\/\/www.ozbir-yataganli.com\/en\/wp-json\/wp\/v2\/pages\/70980\/revisions"}],"predecessor-version":[{"id":70985,"href":"https:\/\/www.ozbir-yataganli.com\/en\/wp-json\/wp\/v2\/pages\/70980\/revisions\/70985"}],"up":[{"embeddable":true,"href":"https:\/\/www.ozbir-yataganli.com\/en\/wp-json\/wp\/v2\/pages\/73"}],"wp:featuredmedia":[{"embeddable":true,"href":"https:\/\/www.ozbir-yataganli.com\/en\/wp-json\/"}],"wp:attachment":[{"href":"https:\/\/www.ozbir-yataganli.com\/en\/wp-json\/wp\/v2\/media?parent=70980"}],"curies":[{"name":"wp","href":"https:\/\/api.w.org\/{rel}","templated":true}]}}