{"id":70966,"date":"2021-12-18T03:32:29","date_gmt":"2021-12-18T00:32:29","guid":{"rendered":"http:\/\/rza-macbook-pro.local\/ozbir\/?page_id=70966"},"modified":"2021-12-18T03:32:29","modified_gmt":"2021-12-18T00:32:29","slug":"doner-baslikli-tesfiye-kuregi","status":"publish","type":"page","link":"https:\/\/www.ozbir-yataganli.com\/en\/products\/doner-baslikli-tesfiye-kuregi\/","title":{"rendered":"Rotary Headed Soil Leveler"},"content":{"rendered":"<div class=\"container\"><div class=\"vc_row wpb_row vc_row-fluid vc_custom_1449576470084\"><div class=\"wpb_column vc_column_container vc_col-sm-12\"><div class=\"vc_column-inner\"><div class=\"wpb_wrapper\">\n\t<div class=\"wpb_text_column wpb_content_element\" >\n\t\t<div class=\"wpb_wrapper\">\n\t\t\t<div class=\"page\" title=\"Page 2\">\n<div class=\"layoutArea\">\n<div class=\"column\">\n<p>It's rotary section can be turned around itself in 360\u00b0 it has gear and pin. It is used to level, fill the land and to open channel works. It is produced in 2 mt and 2,20 mt size.<\/p>\n<\/div>\n<\/div>\n<\/div>\n\n\t\t<\/div>\n\t<\/div>\n\n\t<div  class=\"wpb_single_image wpb_content_element vc_align_left\">\n\t\t\n\t\t<figure class=\"wpb_wrapper vc_figure\">\n\t\t\t<div class=\"vc_single_image-wrapper   vc_box_border_grey\"><img loading=\"lazy\" decoding=\"async\" width=\"640\" height=\"400\" src=\"https:\/\/www.ozbir-yataganli.com\/wp-content\/uploads\/2021\/12\/do\u0308ner-bas\u0327likli-tesfiye-ku\u0308reg\u0306i-1-1024x640.png\" class=\"vc_single_image-img attachment-large\" alt=\"\" srcset=\"https:\/\/www.ozbir-yataganli.com\/wp-content\/uploads\/2021\/12\/do\u0308ner-bas\u0327likli-tesfiye-ku\u0308reg\u0306i-1-1024x640.png 1024w, https:\/\/www.ozbir-yataganli.com\/wp-content\/uploads\/2021\/12\/do\u0308ner-bas\u0327likli-tesfiye-ku\u0308reg\u0306i-1-300x187.png 300w, https:\/\/www.ozbir-yataganli.com\/wp-content\/uploads\/2021\/12\/do\u0308ner-bas\u0327likli-tesfiye-ku\u0308reg\u0306i-1-768x480.png 768w, https:\/\/www.ozbir-yataganli.com\/wp-content\/uploads\/2021\/12\/do\u0308ner-bas\u0327likli-tesfiye-ku\u0308reg\u0306i-1.png 1071w\" sizes=\"auto, (max-width: 640px) 100vw, 640px\" \/><\/div>\n\t\t<\/figure>\n\t<\/div>\n<\/div><\/div><\/div><\/div><\/div><div class=\"container\"><div class=\"vc_row wpb_row vc_row-fluid vc_custom_1444503683289\"><div class=\"wpb_column vc_column_container vc_col-sm-12\"><div class=\"vc_column-inner\"><div class=\"wpb_wrapper\">\n<div class=\"separator  normal\" style=\"background-color:#e2e2e2;height:1px;\">\n<\/div>\n<\/div><\/div><\/div><\/div><\/div><div class=\"container\"><div class=\"vc_row wpb_row vc_row-fluid\"><div class=\"wpb_column vc_column_container vc_col-sm-12\"><div class=\"vc_column-inner\"><div class=\"wpb_wrapper\">\n\t<div class=\"wpb_text_column wpb_content_element\" >\n\t\t<div class=\"wpb_wrapper\">\n\t\t\t<h2>Technical Features<\/h2>\n<div class=\"tg-wrap\">\n<table class=\"tg\">\n<tbody>\n<tr>\n<td class=\"tg-fymr\"><strong>Work Width<\/strong><\/td>\n<td class=\"tg-0pky\">80 cm<\/td>\n<\/tr>\n<tr>\n<td class=\"tg-fymr\"><strong>Height<\/strong><\/td>\n<td class=\"tg-0pky\">450 cm<\/td>\n<\/tr>\n<tr>\n<td class=\"tg-fymr\"><strong>Weight<\/strong><\/td>\n<td class=\"tg-0pky\">220 kg.<\/td>\n<\/tr>\n<\/tbody>\n<\/table>\n<\/div>\n\n\t\t<\/div>\n\t<\/div>\n<\/div><\/div><\/div><\/div><\/div>","protected":false},"excerpt":{"rendered":"Do\u0308neri kendi ekseninde 360\u00b0 do\u0308nebilen dis\u0327li ve pimlidir. Arazi tesfiye, dolgu ve kanal ac\u0327ma is\u0327lerinde kullan\u0131l\u0131r. 2 mt ve 2,20 mt ebad\u0131nda u\u0308retilir. Teknik \u00d6zellikler \u0130\u015f Geni\u015fli\u011fi 80 cm Y\u00fcksekli\u011fi 450 cm A\u011f\u0131rl\u0131k 220 kg.","protected":false},"author":1,"featured_media":70778,"parent":73,"menu_order":1,"comment_status":"closed","ping_status":"closed","template":"","meta":{"footnotes":""},"class_list":["post-70966","page","type-page","status-publish","has-post-thumbnail","hentry"],"acf":[],"yoast_head":"<!-- This site is optimized with the Yoast SEO plugin v21.6 - https:\/\/yoast.com\/wordpress\/plugins\/seo\/ -->\n<title>D\u00f6ner Ba\u015fl\u0131kl\u0131 Tesfiye K\u00fcre\u011fi - \u00d6zbir Yata\u011fanl\u0131<\/title>\n<meta name=\"description\" content=\"Agricultural science is a broad multidisciplinary field of biology that encompasses the parts of exact, natural, economic and social sciences that are used in the practice and understanding of agriculture.\" \/>\n<meta name=\"robots\" content=\"index, follow, max-snippet:-1, max-image-preview:large, max-video-preview:-1\" \/>\n<link rel=\"canonical\" href=\"https:\/\/www.ozbir-yataganli.com\/en\/products\/doner-baslikli-tesfiye-kuregi\/\" \/>\n<meta property=\"og:locale\" content=\"en_US\" \/>\n<meta property=\"og:type\" content=\"article\" \/>\n<meta property=\"og:title\" content=\"D\u00f6ner Ba\u015fl\u0131kl\u0131 Tesfiye K\u00fcre\u011fi - \u00d6zbir Yata\u011fanl\u0131\" \/>\n<meta property=\"og:description\" content=\"Agricultural science is a broad multidisciplinary field of biology that encompasses the parts of exact, natural, economic and social sciences that are used in the practice and understanding of agriculture.\" \/>\n<meta property=\"og:url\" content=\"https:\/\/www.ozbir-yataganli.com\/en\/products\/doner-baslikli-tesfiye-kuregi\/\" \/>\n<meta property=\"og:site_name\" content=\"\u00d6zbir Yata\u011fanl\u0131\" \/>\n<meta name=\"twitter:card\" content=\"summary_large_image\" \/>\n<meta name=\"twitter:label1\" content=\"Est. reading time\" \/>\n\t<meta name=\"twitter:data1\" content=\"1 minute\" \/>\n<script type=\"application\/ld+json\" class=\"yoast-schema-graph\">{\"@context\":\"https:\/\/schema.org\",\"@graph\":[{\"@type\":\"WebPage\",\"@id\":\"https:\/\/www.ozbir-yataganli.com\/products\/doner-baslikli-tesfiye-kuregi\/\",\"url\":\"https:\/\/www.ozbir-yataganli.com\/products\/doner-baslikli-tesfiye-kuregi\/\",\"name\":\"D\u00f6ner Ba\u015fl\u0131kl\u0131 Tesfiye K\u00fcre\u011fi - \u00d6zbir Yata\u011fanl\u0131\",\"isPartOf\":{\"@id\":\"https:\/\/www.ozbir-yataganli.com\/#website\"},\"datePublished\":\"2021-12-18T00:32:29+00:00\",\"dateModified\":\"2021-12-18T00:32:29+00:00\",\"description\":\"Agricultural science is a broad multidisciplinary field of biology that encompasses the parts of exact, natural, economic and social sciences that are used in the practice and understanding of agriculture.\",\"breadcrumb\":{\"@id\":\"https:\/\/www.ozbir-yataganli.com\/products\/doner-baslikli-tesfiye-kuregi\/#breadcrumb\"},\"inLanguage\":\"en-US\",\"potentialAction\":[{\"@type\":\"ReadAction\",\"target\":[\"https:\/\/www.ozbir-yataganli.com\/products\/doner-baslikli-tesfiye-kuregi\/\"]}]},{\"@type\":\"BreadcrumbList\",\"@id\":\"https:\/\/www.ozbir-yataganli.com\/products\/doner-baslikli-tesfiye-kuregi\/#breadcrumb\",\"itemListElement\":[{\"@type\":\"ListItem\",\"position\":1,\"name\":\"Anasayfa\",\"item\":\"https:\/\/www.ozbir-yataganli.com\/\"},{\"@type\":\"ListItem\",\"position\":2,\"name\":\"\u00dcr\u00fcnler\",\"item\":\"https:\/\/www.ozbir-yataganli.com\/products\/\"},{\"@type\":\"ListItem\",\"position\":3,\"name\":\"D\u00f6ner Ba\u015fl\u0131kl\u0131 Tesfiye K\u00fcre\u011fi\"}]},{\"@type\":\"WebSite\",\"@id\":\"https:\/\/www.ozbir-yataganli.com\/#website\",\"url\":\"https:\/\/www.ozbir-yataganli.com\/\",\"name\":\"\u00d6zbir Yata\u011fanl\u0131\",\"description\":\"\",\"potentialAction\":[{\"@type\":\"SearchAction\",\"target\":{\"@type\":\"EntryPoint\",\"urlTemplate\":\"https:\/\/www.ozbir-yataganli.com\/?s={search_term_string}\"},\"query-input\":\"required name=search_term_string\"}],\"inLanguage\":\"en-US\"}]}<\/script>\n<!-- \/ Yoast SEO plugin. -->","yoast_head_json":{"title":"D\u00f6ner Ba\u015fl\u0131kl\u0131 Tesfiye K\u00fcre\u011fi - \u00d6zbir Yata\u011fanl\u0131","description":"Agricultural science is a broad multidisciplinary field of biology that encompasses the parts of exact, natural, economic and social sciences that are used in the practice and understanding of agriculture.","robots":{"index":"index","follow":"follow","max-snippet":"max-snippet:-1","max-image-preview":"max-image-preview:large","max-video-preview":"max-video-preview:-1"},"canonical":"https:\/\/www.ozbir-yataganli.com\/en\/products\/doner-baslikli-tesfiye-kuregi\/","og_locale":"en_US","og_type":"article","og_title":"D\u00f6ner Ba\u015fl\u0131kl\u0131 Tesfiye K\u00fcre\u011fi - \u00d6zbir Yata\u011fanl\u0131","og_description":"Agricultural science is a broad multidisciplinary field of biology that encompasses the parts of exact, natural, economic and social sciences that are used in the practice and understanding of agriculture.","og_url":"https:\/\/www.ozbir-yataganli.com\/en\/products\/doner-baslikli-tesfiye-kuregi\/","og_site_name":"\u00d6zbir Yata\u011fanl\u0131","twitter_card":"summary_large_image","twitter_misc":{"Est. reading time":"1 minute"},"schema":{"@context":"https:\/\/schema.org","@graph":[{"@type":"WebPage","@id":"https:\/\/www.ozbir-yataganli.com\/products\/doner-baslikli-tesfiye-kuregi\/","url":"https:\/\/www.ozbir-yataganli.com\/products\/doner-baslikli-tesfiye-kuregi\/","name":"D\u00f6ner Ba\u015fl\u0131kl\u0131 Tesfiye K\u00fcre\u011fi - \u00d6zbir Yata\u011fanl\u0131","isPartOf":{"@id":"https:\/\/www.ozbir-yataganli.com\/#website"},"datePublished":"2021-12-18T00:32:29+00:00","dateModified":"2021-12-18T00:32:29+00:00","description":"Agricultural science is a broad multidisciplinary field of biology that encompasses the parts of exact, natural, economic and social sciences that are used in the practice and understanding of agriculture.","breadcrumb":{"@id":"https:\/\/www.ozbir-yataganli.com\/products\/doner-baslikli-tesfiye-kuregi\/#breadcrumb"},"inLanguage":"en-US","potentialAction":[{"@type":"ReadAction","target":["https:\/\/www.ozbir-yataganli.com\/products\/doner-baslikli-tesfiye-kuregi\/"]}]},{"@type":"BreadcrumbList","@id":"https:\/\/www.ozbir-yataganli.com\/products\/doner-baslikli-tesfiye-kuregi\/#breadcrumb","itemListElement":[{"@type":"ListItem","position":1,"name":"Anasayfa","item":"https:\/\/www.ozbir-yataganli.com\/"},{"@type":"ListItem","position":2,"name":"\u00dcr\u00fcnler","item":"https:\/\/www.ozbir-yataganli.com\/products\/"},{"@type":"ListItem","position":3,"name":"D\u00f6ner Ba\u015fl\u0131kl\u0131 Tesfiye K\u00fcre\u011fi"}]},{"@type":"WebSite","@id":"https:\/\/www.ozbir-yataganli.com\/#website","url":"https:\/\/www.ozbir-yataganli.com\/","name":"\u00d6zbir Yata\u011fanl\u0131","description":"","potentialAction":[{"@type":"SearchAction","target":{"@type":"EntryPoint","urlTemplate":"https:\/\/www.ozbir-yataganli.com\/?s={search_term_string}"},"query-input":"required name=search_term_string"}],"inLanguage":"en-US"}]}},"_links":{"self":[{"href":"https:\/\/www.ozbir-yataganli.com\/en\/wp-json\/wp\/v2\/pages\/70966","targetHints":{"allow":["GET"]}}],"collection":[{"href":"https:\/\/www.ozbir-yataganli.com\/en\/wp-json\/wp\/v2\/pages"}],"about":[{"href":"https:\/\/www.ozbir-yataganli.com\/en\/wp-json\/wp\/v2\/types\/page"}],"author":[{"embeddable":true,"href":"https:\/\/www.ozbir-yataganli.com\/en\/wp-json\/wp\/v2\/users\/1"}],"replies":[{"embeddable":true,"href":"https:\/\/www.ozbir-yataganli.com\/en\/wp-json\/wp\/v2\/comments?post=70966"}],"version-history":[{"count":1,"href":"https:\/\/www.ozbir-yataganli.com\/en\/wp-json\/wp\/v2\/pages\/70966\/revisions"}],"predecessor-version":[{"id":70968,"href":"https:\/\/www.ozbir-yataganli.com\/en\/wp-json\/wp\/v2\/pages\/70966\/revisions\/70968"}],"up":[{"embeddable":true,"href":"https:\/\/www.ozbir-yataganli.com\/en\/wp-json\/wp\/v2\/pages\/73"}],"wp:featuredmedia":[{"embeddable":true,"href":"https:\/\/www.ozbir-yataganli.com\/en\/wp-json\/"}],"wp:attachment":[{"href":"https:\/\/www.ozbir-yataganli.com\/en\/wp-json\/wp\/v2\/media?parent=70966"}],"curies":[{"name":"wp","href":"https:\/\/api.w.org\/{rel}","templated":true}]}}