{"id":147,"date":"2015-10-09T17:51:30","date_gmt":"2015-10-09T17:51:30","guid":{"rendered":"http:\/\/broker.commercegurus.com\/?page_id=147"},"modified":"2021-12-20T00:53:49","modified_gmt":"2021-12-19T21:53:49","slug":"cok-amacli-120lik-harman-makinasi-sellektorlu","status":"publish","type":"page","link":"https:\/\/www.ozbir-yataganli.com\/en\/products\/cok-amacli-120lik-harman-makinasi-sellektorlu\/","title":{"rendered":"Multi Purpose\nThresher \/ WITH SELLECTOR"},"content":{"rendered":"<div class=\"container\"><div class=\"vc_row wpb_row vc_row-fluid vc_custom_1449576470084\"><div class=\"wpb_column vc_column_container vc_col-sm-12\"><div class=\"vc_column-inner\"><div class=\"wpb_wrapper\">\n\t<div class=\"wpb_text_column wpb_content_element\" >\n\t\t<div class=\"wpb_wrapper\">\n\t\t\t<div class=\"page\" title=\"Page 2\">\n<div class=\"layoutArea\">\n<div class=\"column\">\n<p>Ozbiryataganli multi purpose threshers work with pulley-belt sytem or directly via cardan shaft applied to pto of the tractor. Machine seperates the grains of wheat, barley, oat and rye from stems and throws straws out.By changing the sieves in the machine other plants like lentile, cheakpea, broad bean etc. can also be worked out. Thin, medium or thick straw productions are optional. Crops can be sacked by sacking system or loaded to the trailer directly.<\/p>\n<\/div>\n<\/div>\n<\/div>\n\n\t\t<\/div>\n\t<\/div>\n\n\t<div  class=\"wpb_single_image wpb_content_element vc_align_left\">\n\t\t\n\t\t<figure class=\"wpb_wrapper vc_figure\">\n\t\t\t<div class=\"vc_single_image-wrapper   vc_box_border_grey\"><img loading=\"lazy\" decoding=\"async\" width=\"640\" height=\"408\" src=\"https:\/\/www.ozbir-yataganli.com\/wp-content\/uploads\/2021\/12\/c\u0327ok-amac\u0327li-120lik-harman-mak-2-1-1.png\" class=\"vc_single_image-img attachment-large\" alt=\"\" srcset=\"https:\/\/www.ozbir-yataganli.com\/wp-content\/uploads\/2021\/12\/c\u0327ok-amac\u0327li-120lik-harman-mak-2-1-1.png 718w, https:\/\/www.ozbir-yataganli.com\/wp-content\/uploads\/2021\/12\/c\u0327ok-amac\u0327li-120lik-harman-mak-2-1-1-300x191.png 300w\" sizes=\"auto, (max-width: 640px) 100vw, 640px\" \/><\/div>\n\t\t<\/figure>\n\t<\/div>\n\n\t<div  class=\"wpb_single_image wpb_content_element vc_align_left\">\n\t\t\n\t\t<figure class=\"wpb_wrapper vc_figure\">\n\t\t\t<div class=\"vc_single_image-wrapper   vc_box_border_grey\"><img loading=\"lazy\" decoding=\"async\" width=\"640\" height=\"421\" src=\"https:\/\/www.ozbir-yataganli.com\/wp-content\/uploads\/2021\/12\/c\u0327ok-amac\u0327li-120lik-harman-mak-1-1-1-1024x674.png\" class=\"vc_single_image-img attachment-large\" alt=\"\" srcset=\"https:\/\/www.ozbir-yataganli.com\/wp-content\/uploads\/2021\/12\/c\u0327ok-amac\u0327li-120lik-harman-mak-1-1-1-1024x674.png 1024w, https:\/\/www.ozbir-yataganli.com\/wp-content\/uploads\/2021\/12\/c\u0327ok-amac\u0327li-120lik-harman-mak-1-1-1-300x197.png 300w, https:\/\/www.ozbir-yataganli.com\/wp-content\/uploads\/2021\/12\/c\u0327ok-amac\u0327li-120lik-harman-mak-1-1-1-768x505.png 768w, https:\/\/www.ozbir-yataganli.com\/wp-content\/uploads\/2021\/12\/c\u0327ok-amac\u0327li-120lik-harman-mak-1-1-1-380x250.png 380w, https:\/\/www.ozbir-yataganli.com\/wp-content\/uploads\/2021\/12\/c\u0327ok-amac\u0327li-120lik-harman-mak-1-1-1.png 1199w\" sizes=\"auto, (max-width: 640px) 100vw, 640px\" \/><\/div>\n\t\t<\/figure>\n\t<\/div>\n<\/div><\/div><\/div><\/div><\/div><div class=\"container\"><div class=\"vc_row wpb_row vc_row-fluid vc_custom_1444503683289\"><div class=\"wpb_column vc_column_container vc_col-sm-12\"><div class=\"vc_column-inner\"><div class=\"wpb_wrapper\">\n<div class=\"separator  normal\" style=\"background-color:#e2e2e2;height:1px;\">\n<\/div>\n<\/div><\/div><\/div><\/div><\/div><div class=\"container\"><div class=\"vc_row wpb_row vc_row-fluid\"><div class=\"wpb_column vc_column_container vc_col-sm-12\"><div class=\"vc_column-inner\"><div class=\"wpb_wrapper\">\n\t<div class=\"wpb_text_column wpb_content_element\" >\n\t\t<div class=\"wpb_wrapper\">\n\t\t\t<h2>Technical Features<\/h2>\n<div class=\"tg-wrap\">\n<table class=\"tg\">\n<tbody>\n<tr>\n<td class=\"tg-fymr\"><strong>Length<\/strong><\/td>\n<td class=\"tg-0pky\">4020 mm<\/td>\n<\/tr>\n<tr>\n<td class=\"tg-fymr\"><strong>Width<\/strong><\/td>\n<td class=\"tg-0pky\">2265 mm<\/td>\n<\/tr>\n<tr>\n<td class=\"tg-fymr\"><strong>Height<\/strong><\/td>\n<td class=\"tg-0pky\">2350 mm<\/td>\n<\/tr>\n<tr>\n<td class=\"tg-fymr\"><strong>Working Capacity\u00a0<\/strong><\/td>\n<td class=\"tg-0pky\">2000 kg\/h<\/td>\n<\/tr>\n<tr>\n<td class=\"tg-fymr\"><strong>Blades on Bator<\/strong><\/td>\n<td class=\"tg-0pky\">44 pcs<\/td>\n<\/tr>\n<tr>\n<td class=\"tg-fymr\"><strong>Weight<\/strong><\/td>\n<td class=\"tg-0pky\">1550 kg<\/td>\n<\/tr>\n<\/tbody>\n<\/table>\n<\/div>\n\n\t\t<\/div>\n\t<\/div>\n<\/div><\/div><\/div><\/div><\/div>","protected":false},"excerpt":{"rendered":"\u00d6ZB\u0130R harman makinalar\u0131 kay\u0131\u015f kasnak veya trakt\u00f6r kuyruk milinden \u015faft vas\u0131tas\u0131yla her t\u00fcrl\u00fc tah\u0131l ve bakliyat\u0131 y\u00fcksek verimle i\u015fler. Taneler iki ayr\u0131 elekten ge\u00e7erek temizlenir ve pn\u00f6matik \u00e7uvallama veya helezon ile \u00e7uvallan\u0131r. \u0130stenirse \u00f6n ve arkada olmak \u00fczere iki adet \u00e7eki oku tertibat\u0131 yap\u0131labilir. Sa\u011flam, ayarlar\u0131 kolay kullan\u0131\u015fl\u0131 bir makinad\u0131r. Kimyon ve ay\u00e7i\u00e7e\u011fi i\u015fleyebilir. Teknik [...]","protected":false},"author":1,"featured_media":70778,"parent":73,"menu_order":1,"comment_status":"closed","ping_status":"closed","template":"","meta":{"footnotes":""},"class_list":["post-147","page","type-page","status-publish","has-post-thumbnail","hentry"],"acf":[],"yoast_head":"<!-- This site is optimized with the Yoast SEO plugin v21.6 - https:\/\/yoast.com\/wordpress\/plugins\/seo\/ -->\n<title>\u00c7ok Ama\u00e7l\u0131 120&#039;lik Harman Makinas\u0131 \/ SELLEKT\u00d6RL\u00dc - \u00d6zbir Yata\u011fanl\u0131<\/title>\n<meta name=\"description\" content=\"Agricultural science is a broad multidisciplinary field of biology that encompasses the parts of exact, natural, economic and social sciences that are used in the practice and understanding of agriculture.\" \/>\n<meta name=\"robots\" content=\"index, follow, max-snippet:-1, max-image-preview:large, max-video-preview:-1\" \/>\n<link rel=\"canonical\" href=\"https:\/\/www.ozbir-yataganli.com\/en\/products\/cok-amacli-120lik-harman-makinasi-sellektorlu\/\" \/>\n<meta property=\"og:locale\" content=\"en_US\" \/>\n<meta property=\"og:type\" content=\"article\" \/>\n<meta property=\"og:title\" content=\"\u00c7ok Ama\u00e7l\u0131 120&#039;lik Harman Makinas\u0131 \/ SELLEKT\u00d6RL\u00dc - \u00d6zbir Yata\u011fanl\u0131\" \/>\n<meta property=\"og:description\" content=\"Agricultural science is a broad multidisciplinary field of biology that encompasses the parts of exact, natural, economic and social sciences that are used in the practice and understanding of agriculture.\" \/>\n<meta property=\"og:url\" content=\"https:\/\/www.ozbir-yataganli.com\/en\/products\/cok-amacli-120lik-harman-makinasi-sellektorlu\/\" \/>\n<meta property=\"og:site_name\" content=\"\u00d6zbir Yata\u011fanl\u0131\" \/>\n<meta property=\"article:modified_time\" content=\"2021-12-19T21:53:49+00:00\" \/>\n<meta name=\"twitter:card\" content=\"summary_large_image\" \/>\n<meta name=\"twitter:label1\" content=\"Est. reading time\" \/>\n\t<meta name=\"twitter:data1\" content=\"1 minute\" \/>\n<script type=\"application\/ld+json\" class=\"yoast-schema-graph\">{\"@context\":\"https:\/\/schema.org\",\"@graph\":[{\"@type\":\"WebPage\",\"@id\":\"https:\/\/www.ozbir-yataganli.com\/products\/cok-amacli-120lik-harman-makinasi-sellektorlu\/\",\"url\":\"https:\/\/www.ozbir-yataganli.com\/products\/cok-amacli-120lik-harman-makinasi-sellektorlu\/\",\"name\":\"\u00c7ok Ama\u00e7l\u0131 120'lik Harman Makinas\u0131 \/ SELLEKT\u00d6RL\u00dc - \u00d6zbir Yata\u011fanl\u0131\",\"isPartOf\":{\"@id\":\"https:\/\/www.ozbir-yataganli.com\/#website\"},\"datePublished\":\"2015-10-09T17:51:30+00:00\",\"dateModified\":\"2021-12-19T21:53:49+00:00\",\"description\":\"Agricultural science is a broad multidisciplinary field of biology that encompasses the parts of exact, natural, economic and social sciences that are used in the practice and understanding of agriculture.\",\"breadcrumb\":{\"@id\":\"https:\/\/www.ozbir-yataganli.com\/products\/cok-amacli-120lik-harman-makinasi-sellektorlu\/#breadcrumb\"},\"inLanguage\":\"en-US\",\"potentialAction\":[{\"@type\":\"ReadAction\",\"target\":[\"https:\/\/www.ozbir-yataganli.com\/products\/cok-amacli-120lik-harman-makinasi-sellektorlu\/\"]}]},{\"@type\":\"BreadcrumbList\",\"@id\":\"https:\/\/www.ozbir-yataganli.com\/products\/cok-amacli-120lik-harman-makinasi-sellektorlu\/#breadcrumb\",\"itemListElement\":[{\"@type\":\"ListItem\",\"position\":1,\"name\":\"Anasayfa\",\"item\":\"https:\/\/www.ozbir-yataganli.com\/\"},{\"@type\":\"ListItem\",\"position\":2,\"name\":\"\u00dcr\u00fcnler\",\"item\":\"https:\/\/www.ozbir-yataganli.com\/products\/\"},{\"@type\":\"ListItem\",\"position\":3,\"name\":\"\u00c7ok Ama\u00e7l\u0131 120&#8217;lik Harman Makinas\u0131 \/ SELLEKT\u00d6RL\u00dc\"}]},{\"@type\":\"WebSite\",\"@id\":\"https:\/\/www.ozbir-yataganli.com\/#website\",\"url\":\"https:\/\/www.ozbir-yataganli.com\/\",\"name\":\"\u00d6zbir Yata\u011fanl\u0131\",\"description\":\"\",\"potentialAction\":[{\"@type\":\"SearchAction\",\"target\":{\"@type\":\"EntryPoint\",\"urlTemplate\":\"https:\/\/www.ozbir-yataganli.com\/?s={search_term_string}\"},\"query-input\":\"required name=search_term_string\"}],\"inLanguage\":\"en-US\"}]}<\/script>\n<!-- \/ Yoast SEO plugin. -->","yoast_head_json":{"title":"\u00c7ok Ama\u00e7l\u0131 120'lik Harman Makinas\u0131 \/ SELLEKT\u00d6RL\u00dc - \u00d6zbir Yata\u011fanl\u0131","description":"Agricultural science is a broad multidisciplinary field of biology that encompasses the parts of exact, natural, economic and social sciences that are used in the practice and understanding of agriculture.","robots":{"index":"index","follow":"follow","max-snippet":"max-snippet:-1","max-image-preview":"max-image-preview:large","max-video-preview":"max-video-preview:-1"},"canonical":"https:\/\/www.ozbir-yataganli.com\/en\/products\/cok-amacli-120lik-harman-makinasi-sellektorlu\/","og_locale":"en_US","og_type":"article","og_title":"\u00c7ok Ama\u00e7l\u0131 120'lik Harman Makinas\u0131 \/ SELLEKT\u00d6RL\u00dc - \u00d6zbir Yata\u011fanl\u0131","og_description":"Agricultural science is a broad multidisciplinary field of biology that encompasses the parts of exact, natural, economic and social sciences that are used in the practice and understanding of agriculture.","og_url":"https:\/\/www.ozbir-yataganli.com\/en\/products\/cok-amacli-120lik-harman-makinasi-sellektorlu\/","og_site_name":"\u00d6zbir Yata\u011fanl\u0131","article_modified_time":"2021-12-19T21:53:49+00:00","twitter_card":"summary_large_image","twitter_misc":{"Est. reading time":"1 minute"},"schema":{"@context":"https:\/\/schema.org","@graph":[{"@type":"WebPage","@id":"https:\/\/www.ozbir-yataganli.com\/products\/cok-amacli-120lik-harman-makinasi-sellektorlu\/","url":"https:\/\/www.ozbir-yataganli.com\/products\/cok-amacli-120lik-harman-makinasi-sellektorlu\/","name":"\u00c7ok Ama\u00e7l\u0131 120'lik Harman Makinas\u0131 \/ SELLEKT\u00d6RL\u00dc - \u00d6zbir Yata\u011fanl\u0131","isPartOf":{"@id":"https:\/\/www.ozbir-yataganli.com\/#website"},"datePublished":"2015-10-09T17:51:30+00:00","dateModified":"2021-12-19T21:53:49+00:00","description":"Agricultural science is a broad multidisciplinary field of biology that encompasses the parts of exact, natural, economic and social sciences that are used in the practice and understanding of agriculture.","breadcrumb":{"@id":"https:\/\/www.ozbir-yataganli.com\/products\/cok-amacli-120lik-harman-makinasi-sellektorlu\/#breadcrumb"},"inLanguage":"en-US","potentialAction":[{"@type":"ReadAction","target":["https:\/\/www.ozbir-yataganli.com\/products\/cok-amacli-120lik-harman-makinasi-sellektorlu\/"]}]},{"@type":"BreadcrumbList","@id":"https:\/\/www.ozbir-yataganli.com\/products\/cok-amacli-120lik-harman-makinasi-sellektorlu\/#breadcrumb","itemListElement":[{"@type":"ListItem","position":1,"name":"Anasayfa","item":"https:\/\/www.ozbir-yataganli.com\/"},{"@type":"ListItem","position":2,"name":"\u00dcr\u00fcnler","item":"https:\/\/www.ozbir-yataganli.com\/products\/"},{"@type":"ListItem","position":3,"name":"\u00c7ok Ama\u00e7l\u0131 120&#8217;lik Harman Makinas\u0131 \/ SELLEKT\u00d6RL\u00dc"}]},{"@type":"WebSite","@id":"https:\/\/www.ozbir-yataganli.com\/#website","url":"https:\/\/www.ozbir-yataganli.com\/","name":"\u00d6zbir Yata\u011fanl\u0131","description":"","potentialAction":[{"@type":"SearchAction","target":{"@type":"EntryPoint","urlTemplate":"https:\/\/www.ozbir-yataganli.com\/?s={search_term_string}"},"query-input":"required name=search_term_string"}],"inLanguage":"en-US"}]}},"_links":{"self":[{"href":"https:\/\/www.ozbir-yataganli.com\/en\/wp-json\/wp\/v2\/pages\/147","targetHints":{"allow":["GET"]}}],"collection":[{"href":"https:\/\/www.ozbir-yataganli.com\/en\/wp-json\/wp\/v2\/pages"}],"about":[{"href":"https:\/\/www.ozbir-yataganli.com\/en\/wp-json\/wp\/v2\/types\/page"}],"author":[{"embeddable":true,"href":"https:\/\/www.ozbir-yataganli.com\/en\/wp-json\/wp\/v2\/users\/1"}],"replies":[{"embeddable":true,"href":"https:\/\/www.ozbir-yataganli.com\/en\/wp-json\/wp\/v2\/comments?post=147"}],"version-history":[{"count":9,"href":"https:\/\/www.ozbir-yataganli.com\/en\/wp-json\/wp\/v2\/pages\/147\/revisions"}],"predecessor-version":[{"id":70955,"href":"https:\/\/www.ozbir-yataganli.com\/en\/wp-json\/wp\/v2\/pages\/147\/revisions\/70955"}],"up":[{"embeddable":true,"href":"https:\/\/www.ozbir-yataganli.com\/en\/wp-json\/wp\/v2\/pages\/73"}],"wp:featuredmedia":[{"embeddable":true,"href":"https:\/\/www.ozbir-yataganli.com\/en\/wp-json\/"}],"wp:attachment":[{"href":"https:\/\/www.ozbir-yataganli.com\/en\/wp-json\/wp\/v2\/media?parent=147"}],"curies":[{"name":"wp","href":"https:\/\/api.w.org\/{rel}","templated":true}]}}